{"id":882,"date":"2017-03-21T20:35:54","date_gmt":"2017-03-21T19:35:54","guid":{"rendered":"http:\/\/petales-france.fr\/?page_id=882"},"modified":"2026-02-08T19:45:09","modified_gmt":"2026-02-08T18:45:09","slug":"contact","status":"publish","type":"page","link":"https:\/\/petales-france.fr\/index.php\/contact\/","title":{"rendered":"Contact et Adh\u00e9sion"},"content":{"rendered":"<div id=\"pl-882\"  class=\"panel-layout\" ><div id=\"pg-882-0\"  class=\"panel-grid panel-no-style\" ><div id=\"pgc-882-0-0\"  class=\"panel-grid-cell\" ><div id=\"panel-882-0-0-0\" class=\"so-panel widget widget_sow-editor panel-first-child panel-last-child\" data-index=\"0\" ><div\n\t\t\t\n\t\t\tclass=\"so-widget-sow-editor so-widget-sow-editor-base\"\n\t\t\t\n\t\t>\n<div class=\"siteorigin-widget-tinymce textwidget\">\n\t<p>Si vous souhaitez adh\u00e9rer, vous pouvez t\u00e9l\u00e9charger <a href=\"https:\/\/petales-france.fr\/wp-content\/uploads\/2026\/02\/PETALESFrance_Bulletin-dadhesion_2026.pdf\" target=\"_blank\" rel=\"noopener\"><strong>le bulletin d'adh\u00e9sion<\/strong><\/a> et l'adresser compl\u00e9t\u00e9 et sign\u00e9 avec votre r\u00e8glement \u00e0 :<strong> PETALES France<\/strong> - BP 50132 -02303 CHAUNY Cedex.<br \/>\nVous pouvez \u00e9galement r\u00e9gler votre cotisation en ligne <a href=\"https:\/\/petalesfrance.assoconnect.com\/collect\/description\/642574-b-adhesions-2026-cotisation-option-don-et-achat-guide\" target=\"_blank\" rel=\"noopener\"><strong>en cliquant sur ce lien<\/strong><br \/>\n<\/a><\/p>\n<\/div>\n<\/div><\/div><\/div><\/div><div id=\"pg-882-1\"  class=\"panel-grid panel-no-style\" ><div id=\"pgc-882-1-0\"  class=\"panel-grid-cell\" ><div id=\"panel-882-1-0-0\" class=\"so-panel widget widget_sow-editor panel-first-child panel-last-child\" data-index=\"1\" ><div\n\t\t\t\n\t\t\tclass=\"so-widget-sow-editor so-widget-sow-editor-base\"\n\t\t\t\n\t\t>\n<div class=\"siteorigin-widget-tinymce textwidget\">\n\t<p>Une question sur l'attachement ?<\/p>\n<p>Un renseignement sur l'association ?<\/p>\n<p>Une information \u00e0 communiquer ?<\/p>\n<p><a href=\"mailto:secretairepetalesfrance@orange.fr\" target=\"_blank\" rel=\"noopener\"><img loading=\"lazy\" decoding=\"async\" class=\"wp-image-634 alignleft\" src=\"http:\/\/petales-france.fr\/wp-content\/uploads\/2017\/03\/contacter_le_secretariat_petalesfrance_attachement-300x300.png\" alt=\"\" width=\"210\" height=\"210\" srcset=\"https:\/\/petales-france.fr\/wp-content\/uploads\/2017\/03\/contacter_le_secretariat_petalesfrance_attachement-300x300.png 300w, https:\/\/petales-france.fr\/wp-content\/uploads\/2017\/03\/contacter_le_secretariat_petalesfrance_attachement-150x150.png 150w, https:\/\/petales-france.fr\/wp-content\/uploads\/2017\/03\/contacter_le_secretariat_petalesfrance_attachement-768x768.png 768w, https:\/\/petales-france.fr\/wp-content\/uploads\/2017\/03\/contacter_le_secretariat_petalesfrance_attachement-1024x1024.png 1024w, https:\/\/petales-france.fr\/wp-content\/uploads\/2017\/03\/contacter_le_secretariat_petalesfrance_attachement-100x100.png 100w, https:\/\/petales-france.fr\/wp-content\/uploads\/2017\/03\/contacter_le_secretariat_petalesfrance_attachement-200x200.png 200w, https:\/\/petales-france.fr\/wp-content\/uploads\/2017\/03\/contacter_le_secretariat_petalesfrance_attachement-450x450.png 450w, https:\/\/petales-france.fr\/wp-content\/uploads\/2017\/03\/contacter_le_secretariat_petalesfrance_attachement-600x600.png 600w, https:\/\/petales-france.fr\/wp-content\/uploads\/2017\/03\/contacter_le_secretariat_petalesfrance_attachement-900x900.png 900w, https:\/\/petales-france.fr\/wp-content\/uploads\/2017\/03\/contacter_le_secretariat_petalesfrance_attachement.png 1176w\" sizes=\"auto, (max-width: 210px) 100vw, 210px\" \/><\/a><\/p>\n<\/div>\n<\/div><\/div><\/div><div id=\"pgc-882-1-1\"  class=\"panel-grid-cell\" ><div id=\"panel-882-1-1-0\" class=\"so-panel widget widget_sow-editor panel-first-child panel-last-child\" data-index=\"2\" ><div\n\t\t\t\n\t\t\tclass=\"so-widget-sow-editor so-widget-sow-editor-base\"\n\t\t\t\n\t\t>\n<div class=\"siteorigin-widget-tinymce textwidget\">\n\t<p>Une question au sujet du GREP ?<\/p>\n<p>Une question sur le service d'\u00e9coute ?<\/p>\n<p>Une question sur le service soutien@<\/p>\n<p><a href=\"mailto:sophiegrep@sfr.fr\" target=\"_blank\" rel=\"noopener\"><img loading=\"lazy\" decoding=\"async\" class=\"wp-image-956 alignleft\" src=\"http:\/\/petales-france.fr\/wp-content\/uploads\/2017\/04\/contacter_coord_soutien_petalesfrance_attachement-300x300.png\" alt=\"\" width=\"210\" height=\"210\" srcset=\"https:\/\/petales-france.fr\/wp-content\/uploads\/2017\/04\/contacter_coord_soutien_petalesfrance_attachement-300x300.png 300w, https:\/\/petales-france.fr\/wp-content\/uploads\/2017\/04\/contacter_coord_soutien_petalesfrance_attachement-150x150.png 150w, https:\/\/petales-france.fr\/wp-content\/uploads\/2017\/04\/contacter_coord_soutien_petalesfrance_attachement-768x768.png 768w, https:\/\/petales-france.fr\/wp-content\/uploads\/2017\/04\/contacter_coord_soutien_petalesfrance_attachement-1024x1024.png 1024w, https:\/\/petales-france.fr\/wp-content\/uploads\/2017\/04\/contacter_coord_soutien_petalesfrance_attachement-100x100.png 100w, https:\/\/petales-france.fr\/wp-content\/uploads\/2017\/04\/contacter_coord_soutien_petalesfrance_attachement-200x200.png 200w, https:\/\/petales-france.fr\/wp-content\/uploads\/2017\/04\/contacter_coord_soutien_petalesfrance_attachement-450x450.png 450w, https:\/\/petales-france.fr\/wp-content\/uploads\/2017\/04\/contacter_coord_soutien_petalesfrance_attachement-600x600.png 600w, https:\/\/petales-france.fr\/wp-content\/uploads\/2017\/04\/contacter_coord_soutien_petalesfrance_attachement-900x900.png 900w, https:\/\/petales-france.fr\/wp-content\/uploads\/2017\/04\/contacter_coord_soutien_petalesfrance_attachement.png 1182w\" sizes=\"auto, (max-width: 210px) 100vw, 210px\" \/><\/a><\/p>\n<p style=\"text-align: left;\">\n<\/div>\n<\/div><\/div><\/div><\/div><\/div>","protected":false},"excerpt":{"rendered":"<p>Si vous souhaitez adh\u00e9rer, vous pouvez t\u00e9l\u00e9charger le bulletin d&rsquo;adh\u00e9sion et l&rsquo;adresser compl\u00e9t\u00e9 et sign\u00e9 avec votre r\u00e8glement \u00e0 : PETALES France &#8211; BP 50132 -02303 CHAUNY Cedex. Vous pouvez \u00e9galement r\u00e9gler votre cotisation en ligne en cliquant sur ce<span class=\"ellipsis\">&hellip;<\/span><\/p>\n<div class=\"read-more\"><a href=\"https:\/\/petales-france.fr\/index.php\/contact\/\">Lire la suite <span class=\"screen-reader-text\">Contact et Adh\u00e9sion<\/span><span class=\"meta-nav\"> &#8250;<\/span><\/a><\/div>\n<p><!-- end of .read-more --><\/p>\n","protected":false},"author":7,"featured_media":0,"parent":0,"menu_order":0,"comment_status":"closed","ping_status":"closed","template":"","meta":{"footnotes":""},"class_list":["post-882","page","type-page","status-publish","hentry"],"yoast_head":"<!-- This site is optimized with the Yoast SEO plugin v25.6 - https:\/\/yoast.com\/wordpress\/plugins\/seo\/ -->\n<title>Contact,questions,informations,professionnels,parents,associations,\u00e9tudes<\/title>\n<meta name=\"description\" content=\"contact,questions,informations,interventions,\u00e9coute,associations,attachement,adoptions,parents,enfants,relations difficiles,gestion quotidien,postulants,\" \/>\n<meta name=\"robots\" content=\"index, follow, max-snippet:-1, max-image-preview:large, max-video-preview:-1\" \/>\n<link rel=\"canonical\" href=\"https:\/\/petales-france.fr\/index.php\/contact\/\" \/>\n<meta property=\"og:locale\" content=\"fr_FR\" \/>\n<meta property=\"og:type\" content=\"article\" \/>\n<meta property=\"og:title\" content=\"Contact,questions,informations,professionnels,parents,associations,\u00e9tudes\" \/>\n<meta property=\"og:description\" content=\"contact,questions,informations,interventions,\u00e9coute,associations,attachement,adoptions,parents,enfants,relations difficiles,gestion quotidien,postulants,\" \/>\n<meta property=\"og:url\" content=\"https:\/\/petales-france.fr\/index.php\/contact\/\" \/>\n<meta property=\"og:site_name\" content=\"PETALES france\" \/>\n<meta property=\"article:modified_time\" content=\"2026-02-08T18:45:09+00:00\" \/>\n<meta property=\"og:image\" content=\"https:\/\/petales-france.fr\/wp-content\/uploads\/2017\/03\/contacter_le_secretariat_petalesfrance_attachement.png\" \/>\n\t<meta property=\"og:image:width\" content=\"1176\" \/>\n\t<meta property=\"og:image:height\" content=\"1176\" \/>\n\t<meta property=\"og:image:type\" content=\"image\/png\" \/>\n<meta name=\"twitter:card\" content=\"summary_large_image\" \/>\n<meta name=\"twitter:label1\" content=\"Dur\u00e9e de lecture estim\u00e9e\" \/>\n\t<meta name=\"twitter:data1\" content=\"1 minute\" \/>\n<script type=\"application\/ld+json\" class=\"yoast-schema-graph\">{\"@context\":\"https:\/\/schema.org\",\"@graph\":[{\"@type\":\"WebPage\",\"@id\":\"https:\/\/petales-france.fr\/index.php\/contact\/\",\"url\":\"https:\/\/petales-france.fr\/index.php\/contact\/\",\"name\":\"Contact,questions,informations,professionnels,parents,associations,\u00e9tudes\",\"isPartOf\":{\"@id\":\"https:\/\/petales-france.fr\/#website\"},\"primaryImageOfPage\":{\"@id\":\"https:\/\/petales-france.fr\/index.php\/contact\/#primaryimage\"},\"image\":{\"@id\":\"https:\/\/petales-france.fr\/index.php\/contact\/#primaryimage\"},\"thumbnailUrl\":\"http:\/\/petales-france.fr\/wp-content\/uploads\/2017\/03\/contacter_le_secretariat_petalesfrance_attachement-300x300.png\",\"datePublished\":\"2017-03-21T19:35:54+00:00\",\"dateModified\":\"2026-02-08T18:45:09+00:00\",\"description\":\"contact,questions,informations,interventions,\u00e9coute,associations,attachement,adoptions,parents,enfants,relations difficiles,gestion quotidien,postulants,\",\"breadcrumb\":{\"@id\":\"https:\/\/petales-france.fr\/index.php\/contact\/#breadcrumb\"},\"inLanguage\":\"fr-FR\",\"potentialAction\":[{\"@type\":\"ReadAction\",\"target\":[\"https:\/\/petales-france.fr\/index.php\/contact\/\"]}]},{\"@type\":\"ImageObject\",\"inLanguage\":\"fr-FR\",\"@id\":\"https:\/\/petales-france.fr\/index.php\/contact\/#primaryimage\",\"url\":\"http:\/\/petales-france.fr\/wp-content\/uploads\/2017\/03\/contacter_le_secretariat_petalesfrance_attachement-300x300.png\",\"contentUrl\":\"http:\/\/petales-france.fr\/wp-content\/uploads\/2017\/03\/contacter_le_secretariat_petalesfrance_attachement-300x300.png\"},{\"@type\":\"BreadcrumbList\",\"@id\":\"https:\/\/petales-france.fr\/index.php\/contact\/#breadcrumb\",\"itemListElement\":[{\"@type\":\"ListItem\",\"position\":1,\"name\":\"Accueil\",\"item\":\"https:\/\/petales-france.fr\/\"},{\"@type\":\"ListItem\",\"position\":2,\"name\":\"Contact et Adh\u00e9sion\"}]},{\"@type\":\"WebSite\",\"@id\":\"https:\/\/petales-france.fr\/#website\",\"url\":\"https:\/\/petales-france.fr\/\",\"name\":\"PETALES france\",\"description\":\"PETALES france\",\"potentialAction\":[{\"@type\":\"SearchAction\",\"target\":{\"@type\":\"EntryPoint\",\"urlTemplate\":\"https:\/\/petales-france.fr\/?s={search_term_string}\"},\"query-input\":{\"@type\":\"PropertyValueSpecification\",\"valueRequired\":true,\"valueName\":\"search_term_string\"}}],\"inLanguage\":\"fr-FR\"}]}<\/script>\n<!-- \/ Yoast SEO plugin. -->","yoast_head_json":{"title":"Contact,questions,informations,professionnels,parents,associations,\u00e9tudes","description":"contact,questions,informations,interventions,\u00e9coute,associations,attachement,adoptions,parents,enfants,relations difficiles,gestion quotidien,postulants,","robots":{"index":"index","follow":"follow","max-snippet":"max-snippet:-1","max-image-preview":"max-image-preview:large","max-video-preview":"max-video-preview:-1"},"canonical":"https:\/\/petales-france.fr\/index.php\/contact\/","og_locale":"fr_FR","og_type":"article","og_title":"Contact,questions,informations,professionnels,parents,associations,\u00e9tudes","og_description":"contact,questions,informations,interventions,\u00e9coute,associations,attachement,adoptions,parents,enfants,relations difficiles,gestion quotidien,postulants,","og_url":"https:\/\/petales-france.fr\/index.php\/contact\/","og_site_name":"PETALES france","article_modified_time":"2026-02-08T18:45:09+00:00","og_image":[{"width":1176,"height":1176,"url":"https:\/\/petales-france.fr\/wp-content\/uploads\/2017\/03\/contacter_le_secretariat_petalesfrance_attachement.png","type":"image\/png"}],"twitter_card":"summary_large_image","twitter_misc":{"Dur\u00e9e de lecture estim\u00e9e":"1 minute"},"schema":{"@context":"https:\/\/schema.org","@graph":[{"@type":"WebPage","@id":"https:\/\/petales-france.fr\/index.php\/contact\/","url":"https:\/\/petales-france.fr\/index.php\/contact\/","name":"Contact,questions,informations,professionnels,parents,associations,\u00e9tudes","isPartOf":{"@id":"https:\/\/petales-france.fr\/#website"},"primaryImageOfPage":{"@id":"https:\/\/petales-france.fr\/index.php\/contact\/#primaryimage"},"image":{"@id":"https:\/\/petales-france.fr\/index.php\/contact\/#primaryimage"},"thumbnailUrl":"http:\/\/petales-france.fr\/wp-content\/uploads\/2017\/03\/contacter_le_secretariat_petalesfrance_attachement-300x300.png","datePublished":"2017-03-21T19:35:54+00:00","dateModified":"2026-02-08T18:45:09+00:00","description":"contact,questions,informations,interventions,\u00e9coute,associations,attachement,adoptions,parents,enfants,relations difficiles,gestion quotidien,postulants,","breadcrumb":{"@id":"https:\/\/petales-france.fr\/index.php\/contact\/#breadcrumb"},"inLanguage":"fr-FR","potentialAction":[{"@type":"ReadAction","target":["https:\/\/petales-france.fr\/index.php\/contact\/"]}]},{"@type":"ImageObject","inLanguage":"fr-FR","@id":"https:\/\/petales-france.fr\/index.php\/contact\/#primaryimage","url":"http:\/\/petales-france.fr\/wp-content\/uploads\/2017\/03\/contacter_le_secretariat_petalesfrance_attachement-300x300.png","contentUrl":"http:\/\/petales-france.fr\/wp-content\/uploads\/2017\/03\/contacter_le_secretariat_petalesfrance_attachement-300x300.png"},{"@type":"BreadcrumbList","@id":"https:\/\/petales-france.fr\/index.php\/contact\/#breadcrumb","itemListElement":[{"@type":"ListItem","position":1,"name":"Accueil","item":"https:\/\/petales-france.fr\/"},{"@type":"ListItem","position":2,"name":"Contact et Adh\u00e9sion"}]},{"@type":"WebSite","@id":"https:\/\/petales-france.fr\/#website","url":"https:\/\/petales-france.fr\/","name":"PETALES france","description":"PETALES france","potentialAction":[{"@type":"SearchAction","target":{"@type":"EntryPoint","urlTemplate":"https:\/\/petales-france.fr\/?s={search_term_string}"},"query-input":{"@type":"PropertyValueSpecification","valueRequired":true,"valueName":"search_term_string"}}],"inLanguage":"fr-FR"}]}},"_links":{"self":[{"href":"https:\/\/petales-france.fr\/index.php\/wp-json\/wp\/v2\/pages\/882","targetHints":{"allow":["GET"]}}],"collection":[{"href":"https:\/\/petales-france.fr\/index.php\/wp-json\/wp\/v2\/pages"}],"about":[{"href":"https:\/\/petales-france.fr\/index.php\/wp-json\/wp\/v2\/types\/page"}],"author":[{"embeddable":true,"href":"https:\/\/petales-france.fr\/index.php\/wp-json\/wp\/v2\/users\/7"}],"replies":[{"embeddable":true,"href":"https:\/\/petales-france.fr\/index.php\/wp-json\/wp\/v2\/comments?post=882"}],"version-history":[{"count":28,"href":"https:\/\/petales-france.fr\/index.php\/wp-json\/wp\/v2\/pages\/882\/revisions"}],"predecessor-version":[{"id":2149,"href":"https:\/\/petales-france.fr\/index.php\/wp-json\/wp\/v2\/pages\/882\/revisions\/2149"}],"wp:attachment":[{"href":"https:\/\/petales-france.fr\/index.php\/wp-json\/wp\/v2\/media?parent=882"}],"curies":[{"name":"wp","href":"https:\/\/api.w.org\/{rel}","templated":true}]}}