{"id":58,"date":"2016-11-09T15:04:06","date_gmt":"2016-11-09T14:04:06","guid":{"rendered":"http:\/\/petales-france.fr\/?page_id=58"},"modified":"2026-02-24T15:29:31","modified_gmt":"2026-02-24T14:29:31","slug":"documentation","status":"publish","type":"page","link":"https:\/\/petales-france.fr\/index.php\/documentation\/","title":{"rendered":"Documentation"},"content":{"rendered":"<div id=\"pl-58\"  class=\"panel-layout\" ><div id=\"pg-58-0\"  class=\"panel-grid panel-no-style\" ><div id=\"pgc-58-0-0\"  class=\"panel-grid-cell\" ><div id=\"panel-58-0-0-0\" class=\"so-panel widget widget_sow-editor panel-first-child panel-last-child\" data-index=\"0\" ><div\n\t\t\t\n\t\t\tclass=\"so-widget-sow-editor so-widget-sow-editor-base\"\n\t\t\t\n\t\t>\n<div class=\"siteorigin-widget-tinymce textwidget\">\n\t<h3>Documents d'information<\/h3><p>Vous pouvez aider l\u2019association \u00e0 se faire conna\u00eetre, en diffusant autour de vous les documents d\u2019information suivants :<\/p><p>\u00a0<\/p><p style=\"text-align: left;\">\u00a0<\/p><\/div>\n<\/div><\/div><\/div><\/div><div id=\"pg-58-1\"  class=\"panel-grid panel-no-style\" ><div id=\"pgc-58-1-0\"  class=\"panel-grid-cell\" ><div id=\"panel-58-1-0-0\" class=\"so-panel widget widget_sow-editor panel-first-child panel-last-child\" data-index=\"1\" ><div\n\t\t\t\n\t\t\tclass=\"so-widget-sow-editor so-widget-sow-editor-base\"\n\t\t\t\n\t\t>\n<div class=\"siteorigin-widget-tinymce textwidget\">\n\t<p><a href=\"https:\/\/petales-france.fr\/wp-content\/uploads\/2026\/02\/PETALESFrance_Flyer.pdf\" target=\"_blank\" rel=\"noopener noreferrer\"><img loading=\"lazy\" decoding=\"async\" class=\"aligncenter wp-image-636\" src=\"http:\/\/petales-france.fr\/wp-content\/uploads\/2017\/03\/flyer_petalesfrance_attachement-300x300.png\" alt=\"\" width=\"240\" height=\"240\" srcset=\"https:\/\/petales-france.fr\/wp-content\/uploads\/2017\/03\/flyer_petalesfrance_attachement-300x300.png 300w, https:\/\/petales-france.fr\/wp-content\/uploads\/2017\/03\/flyer_petalesfrance_attachement-150x150.png 150w, https:\/\/petales-france.fr\/wp-content\/uploads\/2017\/03\/flyer_petalesfrance_attachement-768x768.png 768w, https:\/\/petales-france.fr\/wp-content\/uploads\/2017\/03\/flyer_petalesfrance_attachement-1024x1024.png 1024w, https:\/\/petales-france.fr\/wp-content\/uploads\/2017\/03\/flyer_petalesfrance_attachement-100x100.png 100w, https:\/\/petales-france.fr\/wp-content\/uploads\/2017\/03\/flyer_petalesfrance_attachement-200x200.png 200w, https:\/\/petales-france.fr\/wp-content\/uploads\/2017\/03\/flyer_petalesfrance_attachement-450x450.png 450w, https:\/\/petales-france.fr\/wp-content\/uploads\/2017\/03\/flyer_petalesfrance_attachement-600x600.png 600w, https:\/\/petales-france.fr\/wp-content\/uploads\/2017\/03\/flyer_petalesfrance_attachement-900x900.png 900w, https:\/\/petales-france.fr\/wp-content\/uploads\/2017\/03\/flyer_petalesfrance_attachement.png 1182w\" sizes=\"auto, (max-width: 240px) 100vw, 240px\" \/><\/a><br \/>\n<img loading=\"lazy\" decoding=\"async\" class=\"alignnone size-medium wp-image-624\" src=\"http:\/\/petales-france.fr\/wp-content\/uploads\/2017\/03\/fleur_petalesfrance_attachement-300x195.jpg\" alt=\"\" width=\"300\" height=\"195\" srcset=\"https:\/\/petales-france.fr\/wp-content\/uploads\/2017\/03\/fleur_petalesfrance_attachement-300x195.jpg 300w, https:\/\/petales-france.fr\/wp-content\/uploads\/2017\/03\/fleur_petalesfrance_attachement-100x65.jpg 100w, https:\/\/petales-france.fr\/wp-content\/uploads\/2017\/03\/fleur_petalesfrance_attachement-150x97.jpg 150w, https:\/\/petales-france.fr\/wp-content\/uploads\/2017\/03\/fleur_petalesfrance_attachement-200x130.jpg 200w, https:\/\/petales-france.fr\/wp-content\/uploads\/2017\/03\/fleur_petalesfrance_attachement-450x292.jpg 450w, https:\/\/petales-france.fr\/wp-content\/uploads\/2017\/03\/fleur_petalesfrance_attachement-600x389.jpg 600w, https:\/\/petales-france.fr\/wp-content\/uploads\/2017\/03\/fleur_petalesfrance_attachement.jpg 640w\" sizes=\"auto, (max-width: 300px) 100vw, 300px\" \/><\/p>\n<\/div>\n<\/div><\/div><\/div><div id=\"pgc-58-1-1\"  class=\"panel-grid-cell\" ><div id=\"panel-58-1-1-0\" class=\"so-panel widget widget_sow-editor panel-first-child panel-last-child\" data-index=\"2\" ><div\n\t\t\t\n\t\t\tclass=\"so-widget-sow-editor so-widget-sow-editor-base\"\n\t\t\t\n\t\t>\n<div class=\"siteorigin-widget-tinymce textwidget\">\n\t<p><a href=\"https:\/\/petales-france.fr\/wp-content\/uploads\/2026\/02\/PETALESFrance_Presentation.pdf\" target=\"_blank\" rel=\"noopener noreferrer\"><img loading=\"lazy\" decoding=\"async\" class=\"aligncenter wp-image-504\" src=\"http:\/\/petales-france.fr\/wp-content\/uploads\/2017\/03\/presentation_petalesfrance_attachement-300x300.png\" alt=\"\" width=\"240\" height=\"240\" \/><\/a><\/p>\n<\/div>\n<\/div><\/div><\/div><div id=\"pgc-58-1-2\"  class=\"panel-grid-cell\" ><div id=\"panel-58-1-2-0\" class=\"so-panel widget widget_sow-editor panel-first-child panel-last-child\" data-index=\"3\" ><div\n\t\t\t\n\t\t\tclass=\"so-widget-sow-editor so-widget-sow-editor-base\"\n\t\t\t\n\t\t>\n<div class=\"siteorigin-widget-tinymce textwidget\">\n\t<p><a href=\"https:\/\/petales-france.fr\/wp-content\/uploads\/2026\/02\/PETALESFrance_Interventions_Protocole_Site.pdf\" target=\"_blank\" rel=\"noopener\"><img loading=\"lazy\" decoding=\"async\" class=\"aligncenter wp-image-640 \" src=\"http:\/\/petales-france.fr\/wp-content\/uploads\/2017\/03\/interventions_petalesfrance_attachement-300x300.png\" alt=\"\" width=\"240\" height=\"240\" srcset=\"https:\/\/petales-france.fr\/wp-content\/uploads\/2017\/03\/interventions_petalesfrance_attachement-300x300.png 300w, https:\/\/petales-france.fr\/wp-content\/uploads\/2017\/03\/interventions_petalesfrance_attachement-150x150.png 150w, https:\/\/petales-france.fr\/wp-content\/uploads\/2017\/03\/interventions_petalesfrance_attachement-768x768.png 768w, https:\/\/petales-france.fr\/wp-content\/uploads\/2017\/03\/interventions_petalesfrance_attachement-1024x1024.png 1024w, https:\/\/petales-france.fr\/wp-content\/uploads\/2017\/03\/interventions_petalesfrance_attachement-100x100.png 100w, https:\/\/petales-france.fr\/wp-content\/uploads\/2017\/03\/interventions_petalesfrance_attachement-200x200.png 200w, https:\/\/petales-france.fr\/wp-content\/uploads\/2017\/03\/interventions_petalesfrance_attachement-450x450.png 450w, https:\/\/petales-france.fr\/wp-content\/uploads\/2017\/03\/interventions_petalesfrance_attachement-600x600.png 600w, https:\/\/petales-france.fr\/wp-content\/uploads\/2017\/03\/interventions_petalesfrance_attachement-900x900.png 900w, https:\/\/petales-france.fr\/wp-content\/uploads\/2017\/03\/interventions_petalesfrance_attachement.png 1183w\" sizes=\"auto, (max-width: 240px) 100vw, 240px\" \/><\/a><\/p>\n<\/div>\n<\/div><\/div><\/div><\/div><div id=\"pg-58-2\"  class=\"panel-grid panel-no-style\" ><div id=\"pgc-58-2-0\"  class=\"panel-grid-cell\" ><div id=\"panel-58-2-0-0\" class=\"so-panel widget widget_sow-editor panel-first-child panel-last-child\" data-index=\"4\" ><div\n\t\t\t\n\t\t\tclass=\"so-widget-sow-editor so-widget-sow-editor-base\"\n\t\t\t\n\t\t>\n<div class=\"siteorigin-widget-tinymce textwidget\">\n\t<h3>Le bulletin <strong>PETALES France<\/strong><\/h3>\n<p class=\"Texte14beige\">Il para\u00eet 4 ou 5 fois par an et contient des articles du fond, les t\u00e9moignages, nos actualit\u00e9s, nos conseils de lecture, ainsi que les calendriers des r\u00e9unions du GREP et de nos interventions et prestations.<\/p>\n<p class=\"Texte14beige\">Les adh\u00e9rents y trouvent les diff\u00e9rents formulaires pour passer une annonce afin de prendre contact avec d'autres parents <a href=\"http:\/\/petales-france.fr\/index.php\/r-e-d\">(RED)<\/a> et le <a href=\"http:\/\/petales-france.fr\/wp-content\/uploads\/2017\/03\/PETALESFrance_BulletinAdhesion.pdf\" target=\"_blank\" rel=\"noopener\">bulletin d'adh\u00e9sion<\/a>.<\/p>\n<p class=\"Texte14beige\">Pour visualiser un extrait d'un de nos bulletins, <a href=\"https:\/\/petales-france.fr\/wp-content\/uploads\/2025\/09\/bull-103-1_merged.pdf\">bull 103<\/a><\/p>\n<p>&nbsp;<\/p>\n<p>&nbsp;<\/p>\n<\/div>\n<\/div><\/div><\/div><\/div><\/div>","protected":false},"excerpt":{"rendered":"<p>Documents d&rsquo;informationVous pouvez aider l\u2019association \u00e0 se faire conna\u00eetre, en diffusant autour de vous les documents d\u2019information suivants :\u00a0\u00a0<\/p>\n","protected":false},"author":2,"featured_media":0,"parent":0,"menu_order":0,"comment_status":"closed","ping_status":"closed","template":"page-templates\/full-width-page.php","meta":{"footnotes":""},"class_list":["post-58","page","type-page","status-publish","hentry"],"yoast_head":"<!-- This site is optimized with the Yoast SEO plugin v25.6 - https:\/\/yoast.com\/wordpress\/plugins\/seo\/ -->\n<title>Documentation,diffusion flyers,protocole d&#039;interventions,pr\u00e9sentations<\/title>\n<meta name=\"description\" content=\"documentation attachement,bulletin, t\u00e9moignages, v\u00e9cu des familles, interventions postulants \u00e0 l&#039;adoption, familles en difficult\u00e9s, b\u00e9n\u00e9voles des OAA,\" \/>\n<meta name=\"robots\" content=\"index, follow, max-snippet:-1, max-image-preview:large, max-video-preview:-1\" \/>\n<link rel=\"canonical\" href=\"https:\/\/petales-france.fr\/index.php\/documentation\/\" \/>\n<meta property=\"og:locale\" content=\"fr_FR\" \/>\n<meta property=\"og:type\" content=\"article\" \/>\n<meta property=\"og:title\" content=\"Documentation,diffusion flyers,protocole d&#039;interventions,pr\u00e9sentations\" \/>\n<meta property=\"og:description\" content=\"documentation attachement,bulletin, t\u00e9moignages, v\u00e9cu des familles, interventions postulants \u00e0 l&#039;adoption, familles en difficult\u00e9s, b\u00e9n\u00e9voles des OAA,\" \/>\n<meta property=\"og:url\" content=\"https:\/\/petales-france.fr\/index.php\/documentation\/\" \/>\n<meta property=\"og:site_name\" content=\"PETALES france\" \/>\n<meta property=\"article:modified_time\" content=\"2026-02-24T14:29:31+00:00\" \/>\n<meta property=\"og:image\" content=\"https:\/\/petales-france.fr\/wp-content\/uploads\/2017\/03\/flyer_petalesfrance_attachement.png\" \/>\n\t<meta property=\"og:image:width\" content=\"1182\" \/>\n\t<meta property=\"og:image:height\" content=\"1182\" \/>\n\t<meta property=\"og:image:type\" content=\"image\/png\" \/>\n<meta name=\"twitter:card\" content=\"summary_large_image\" \/>\n<meta name=\"twitter:label1\" content=\"Dur\u00e9e de lecture estim\u00e9e\" \/>\n\t<meta name=\"twitter:data1\" content=\"2 minutes\" \/>\n<script type=\"application\/ld+json\" class=\"yoast-schema-graph\">{\"@context\":\"https:\/\/schema.org\",\"@graph\":[{\"@type\":\"WebPage\",\"@id\":\"https:\/\/petales-france.fr\/index.php\/documentation\/\",\"url\":\"https:\/\/petales-france.fr\/index.php\/documentation\/\",\"name\":\"Documentation,diffusion flyers,protocole d'interventions,pr\u00e9sentations\",\"isPartOf\":{\"@id\":\"https:\/\/petales-france.fr\/#website\"},\"primaryImageOfPage\":{\"@id\":\"https:\/\/petales-france.fr\/index.php\/documentation\/#primaryimage\"},\"image\":{\"@id\":\"https:\/\/petales-france.fr\/index.php\/documentation\/#primaryimage\"},\"thumbnailUrl\":\"http:\/\/petales-france.fr\/wp-content\/uploads\/2017\/03\/flyer_petalesfrance_attachement-300x300.png\",\"datePublished\":\"2016-11-09T14:04:06+00:00\",\"dateModified\":\"2026-02-24T14:29:31+00:00\",\"description\":\"documentation attachement,bulletin, t\u00e9moignages, v\u00e9cu des familles, interventions postulants \u00e0 l'adoption, familles en difficult\u00e9s, b\u00e9n\u00e9voles des OAA,\",\"breadcrumb\":{\"@id\":\"https:\/\/petales-france.fr\/index.php\/documentation\/#breadcrumb\"},\"inLanguage\":\"fr-FR\",\"potentialAction\":[{\"@type\":\"ReadAction\",\"target\":[\"https:\/\/petales-france.fr\/index.php\/documentation\/\"]}]},{\"@type\":\"ImageObject\",\"inLanguage\":\"fr-FR\",\"@id\":\"https:\/\/petales-france.fr\/index.php\/documentation\/#primaryimage\",\"url\":\"http:\/\/petales-france.fr\/wp-content\/uploads\/2017\/03\/flyer_petalesfrance_attachement-300x300.png\",\"contentUrl\":\"http:\/\/petales-france.fr\/wp-content\/uploads\/2017\/03\/flyer_petalesfrance_attachement-300x300.png\"},{\"@type\":\"BreadcrumbList\",\"@id\":\"https:\/\/petales-france.fr\/index.php\/documentation\/#breadcrumb\",\"itemListElement\":[{\"@type\":\"ListItem\",\"position\":1,\"name\":\"Accueil\",\"item\":\"https:\/\/petales-france.fr\/\"},{\"@type\":\"ListItem\",\"position\":2,\"name\":\"Documentation\"}]},{\"@type\":\"WebSite\",\"@id\":\"https:\/\/petales-france.fr\/#website\",\"url\":\"https:\/\/petales-france.fr\/\",\"name\":\"PETALES france\",\"description\":\"PETALES france\",\"potentialAction\":[{\"@type\":\"SearchAction\",\"target\":{\"@type\":\"EntryPoint\",\"urlTemplate\":\"https:\/\/petales-france.fr\/?s={search_term_string}\"},\"query-input\":{\"@type\":\"PropertyValueSpecification\",\"valueRequired\":true,\"valueName\":\"search_term_string\"}}],\"inLanguage\":\"fr-FR\"}]}<\/script>\n<!-- \/ Yoast SEO plugin. -->","yoast_head_json":{"title":"Documentation,diffusion flyers,protocole d'interventions,pr\u00e9sentations","description":"documentation attachement,bulletin, t\u00e9moignages, v\u00e9cu des familles, interventions postulants \u00e0 l'adoption, familles en difficult\u00e9s, b\u00e9n\u00e9voles des OAA,","robots":{"index":"index","follow":"follow","max-snippet":"max-snippet:-1","max-image-preview":"max-image-preview:large","max-video-preview":"max-video-preview:-1"},"canonical":"https:\/\/petales-france.fr\/index.php\/documentation\/","og_locale":"fr_FR","og_type":"article","og_title":"Documentation,diffusion flyers,protocole d'interventions,pr\u00e9sentations","og_description":"documentation attachement,bulletin, t\u00e9moignages, v\u00e9cu des familles, interventions postulants \u00e0 l'adoption, familles en difficult\u00e9s, b\u00e9n\u00e9voles des OAA,","og_url":"https:\/\/petales-france.fr\/index.php\/documentation\/","og_site_name":"PETALES france","article_modified_time":"2026-02-24T14:29:31+00:00","og_image":[{"width":1182,"height":1182,"url":"https:\/\/petales-france.fr\/wp-content\/uploads\/2017\/03\/flyer_petalesfrance_attachement.png","type":"image\/png"}],"twitter_card":"summary_large_image","twitter_misc":{"Dur\u00e9e de lecture estim\u00e9e":"2 minutes"},"schema":{"@context":"https:\/\/schema.org","@graph":[{"@type":"WebPage","@id":"https:\/\/petales-france.fr\/index.php\/documentation\/","url":"https:\/\/petales-france.fr\/index.php\/documentation\/","name":"Documentation,diffusion flyers,protocole d'interventions,pr\u00e9sentations","isPartOf":{"@id":"https:\/\/petales-france.fr\/#website"},"primaryImageOfPage":{"@id":"https:\/\/petales-france.fr\/index.php\/documentation\/#primaryimage"},"image":{"@id":"https:\/\/petales-france.fr\/index.php\/documentation\/#primaryimage"},"thumbnailUrl":"http:\/\/petales-france.fr\/wp-content\/uploads\/2017\/03\/flyer_petalesfrance_attachement-300x300.png","datePublished":"2016-11-09T14:04:06+00:00","dateModified":"2026-02-24T14:29:31+00:00","description":"documentation attachement,bulletin, t\u00e9moignages, v\u00e9cu des familles, interventions postulants \u00e0 l'adoption, familles en difficult\u00e9s, b\u00e9n\u00e9voles des OAA,","breadcrumb":{"@id":"https:\/\/petales-france.fr\/index.php\/documentation\/#breadcrumb"},"inLanguage":"fr-FR","potentialAction":[{"@type":"ReadAction","target":["https:\/\/petales-france.fr\/index.php\/documentation\/"]}]},{"@type":"ImageObject","inLanguage":"fr-FR","@id":"https:\/\/petales-france.fr\/index.php\/documentation\/#primaryimage","url":"http:\/\/petales-france.fr\/wp-content\/uploads\/2017\/03\/flyer_petalesfrance_attachement-300x300.png","contentUrl":"http:\/\/petales-france.fr\/wp-content\/uploads\/2017\/03\/flyer_petalesfrance_attachement-300x300.png"},{"@type":"BreadcrumbList","@id":"https:\/\/petales-france.fr\/index.php\/documentation\/#breadcrumb","itemListElement":[{"@type":"ListItem","position":1,"name":"Accueil","item":"https:\/\/petales-france.fr\/"},{"@type":"ListItem","position":2,"name":"Documentation"}]},{"@type":"WebSite","@id":"https:\/\/petales-france.fr\/#website","url":"https:\/\/petales-france.fr\/","name":"PETALES france","description":"PETALES france","potentialAction":[{"@type":"SearchAction","target":{"@type":"EntryPoint","urlTemplate":"https:\/\/petales-france.fr\/?s={search_term_string}"},"query-input":{"@type":"PropertyValueSpecification","valueRequired":true,"valueName":"search_term_string"}}],"inLanguage":"fr-FR"}]}},"_links":{"self":[{"href":"https:\/\/petales-france.fr\/index.php\/wp-json\/wp\/v2\/pages\/58","targetHints":{"allow":["GET"]}}],"collection":[{"href":"https:\/\/petales-france.fr\/index.php\/wp-json\/wp\/v2\/pages"}],"about":[{"href":"https:\/\/petales-france.fr\/index.php\/wp-json\/wp\/v2\/types\/page"}],"author":[{"embeddable":true,"href":"https:\/\/petales-france.fr\/index.php\/wp-json\/wp\/v2\/users\/2"}],"replies":[{"embeddable":true,"href":"https:\/\/petales-france.fr\/index.php\/wp-json\/wp\/v2\/comments?post=58"}],"version-history":[{"count":45,"href":"https:\/\/petales-france.fr\/index.php\/wp-json\/wp\/v2\/pages\/58\/revisions"}],"predecessor-version":[{"id":2153,"href":"https:\/\/petales-france.fr\/index.php\/wp-json\/wp\/v2\/pages\/58\/revisions\/2153"}],"wp:attachment":[{"href":"https:\/\/petales-france.fr\/index.php\/wp-json\/wp\/v2\/media?parent=58"}],"curies":[{"name":"wp","href":"https:\/\/api.w.org\/{rel}","templated":true}]}}