{"id":35,"date":"2016-11-09T14:50:26","date_gmt":"2016-11-09T13:50:26","guid":{"rendered":"http:\/\/petales-france.fr\/?page_id=35"},"modified":"2026-02-08T19:38:28","modified_gmt":"2026-02-08T18:38:28","slug":"rencontres","status":"publish","type":"page","link":"https:\/\/petales-france.fr\/index.php\/rencontres\/","title":{"rendered":"Rencontres"},"content":{"rendered":"<div id=\"pl-35\"  class=\"panel-layout\" ><div id=\"pg-35-0\"  class=\"panel-grid panel-no-style\" ><div id=\"pgc-35-0-0\"  class=\"panel-grid-cell\" ><div id=\"panel-35-0-0-0\" class=\"so-panel widget widget_sow-editor panel-first-child panel-last-child\" data-index=\"0\" ><div\n\t\t\t\n\t\t\tclass=\"so-widget-sow-editor so-widget-sow-editor-base\"\n\t\t\t\n\t\t>\n<div class=\"siteorigin-widget-tinymce textwidget\">\n\t<p><img loading=\"lazy\" decoding=\"async\" class=\"alignnone size-medium wp-image-623\" src=\"http:\/\/petales-france.fr\/wp-content\/uploads\/2017\/03\/ensemble_ombrelles_petalesfrance_attachement-300x200.jpg\" alt=\"\" width=\"300\" height=\"200\" srcset=\"https:\/\/petales-france.fr\/wp-content\/uploads\/2017\/03\/ensemble_ombrelles_petalesfrance_attachement-300x200.jpg 300w, https:\/\/petales-france.fr\/wp-content\/uploads\/2017\/03\/ensemble_ombrelles_petalesfrance_attachement-100x67.jpg 100w, https:\/\/petales-france.fr\/wp-content\/uploads\/2017\/03\/ensemble_ombrelles_petalesfrance_attachement-150x100.jpg 150w, https:\/\/petales-france.fr\/wp-content\/uploads\/2017\/03\/ensemble_ombrelles_petalesfrance_attachement-200x133.jpg 200w, https:\/\/petales-france.fr\/wp-content\/uploads\/2017\/03\/ensemble_ombrelles_petalesfrance_attachement-450x300.jpg 450w, https:\/\/petales-france.fr\/wp-content\/uploads\/2017\/03\/ensemble_ombrelles_petalesfrance_attachement-600x399.jpg 600w, https:\/\/petales-france.fr\/wp-content\/uploads\/2017\/03\/ensemble_ombrelles_petalesfrance_attachement-272x182.jpg 272w, https:\/\/petales-france.fr\/wp-content\/uploads\/2017\/03\/ensemble_ombrelles_petalesfrance_attachement.jpg 640w\" sizes=\"auto, (max-width: 300px) 100vw, 300px\" \/><\/p>\n<p>&nbsp;<\/p>\n<p>&nbsp;<\/p>\n<p>La crise du COVID a modifi\u00e9 consid\u00e9rablement la notion de rencontre, pass\u00e9e de \"pr\u00e9sentielle\" \u00e0 \"distancielle\". C'est le cas pour nos Assembl\u00e9es G\u00e9n\u00e9rales qui ne se font plus que par mail, par exemple. De nouvelles actions ont \u00e9t\u00e9 propos\u00e9es par \u00e9cran interpos\u00e9 pour nos adh\u00e9rents, mais nous avons \u00e0 c\u0153ur de ne pas perdre tout ce qui fait la richesse des moments de partage bien r\u00e9els qu'on trouve dans les GREP (Groupe de Rencontre et d'\u00c9changes entre Parents), les Journ\u00e9es Parentales, les interventions que nous proposons aux institutions et associations. Nous sommes aussi tr\u00e8s attach\u00e9s \u00e0 r\u00e9unir tous les b\u00e9n\u00e9voles qui font que PETALES France peut poursuivre ses actions de soutien, de pr\u00e9vention et d'information, y compris ceux et celles qui travaillent \u00e0 des t\u00e2ches administratives, moins visibles mais toutes aussi importantes ; depuis 2021,\u00a0 une Journ\u00e9e Nationale des B\u00e9n\u00e9voles est l'occasion de les rassembler. Et bien entendu, les b\u00e9n\u00e9voles au contact des familles, que ce soit dans les GREP, \u00e0 l'\u00e9coute ou sur soutien@ suivent une formation annuelle, qui leur permet, l\u00e0 aussi, d'\u00e9changer sur leur pratique tout en l'enrichissant.<\/p>\n<p>Certes, les r\u00e9unions \u00e0 distance sont tr\u00e8s utiles pour r\u00e9duire des co\u00fbts de d\u00e9placement (pour l'association, mais aussi pour les familles) ; mais quand on fait du soutien \u00e0 la parentalit\u00e9, on se place dans le registre \u00e9motionnel et intime des familles, et nous sommes persuad\u00e9s que \u00e7a ne peut se faire qu'en \u00e9tant \u00e0 leurs c\u00f4t\u00e9s.<\/p>\n<\/div>\n<\/div><\/div><\/div><\/div><\/div>","protected":false},"excerpt":{"rendered":"<p>&nbsp; &nbsp; La crise du COVID a modifi\u00e9 consid\u00e9rablement la notion de rencontre, pass\u00e9e de \u00ab\u00a0pr\u00e9sentielle\u00a0\u00bb \u00e0 \u00ab\u00a0distancielle\u00a0\u00bb. C&rsquo;est le cas pour nos Assembl\u00e9es G\u00e9n\u00e9rales qui ne se font plus que par mail, par exemple. De nouvelles actions ont \u00e9t\u00e9<span class=\"ellipsis\">&hellip;<\/span><\/p>\n<div class=\"read-more\"><a href=\"https:\/\/petales-france.fr\/index.php\/rencontres\/\">Lire la suite <span class=\"screen-reader-text\">Rencontres<\/span><span class=\"meta-nav\"> &#8250;<\/span><\/a><\/div>\n<p><!-- end of .read-more --><\/p>\n","protected":false},"author":2,"featured_media":0,"parent":0,"menu_order":0,"comment_status":"closed","ping_status":"closed","template":"","meta":{"footnotes":""},"class_list":["post-35","page","type-page","status-publish","hentry"],"yoast_head":"<!-- This site is optimized with the Yoast SEO plugin v25.6 - https:\/\/yoast.com\/wordpress\/plugins\/seo\/ -->\n<title>AG,Rencontres Nationales,Journ\u00e9es d&#039;Information,partage,entraide<\/title>\n<meta name=\"description\" content=\"se retrouver, \u00e9changer, voter, adh\u00e9rer, participer, s&#039;informer, chercher ensemble, trouver des solutions, partager, se soutenir, s&#039;entraider, apprendre,\" \/>\n<meta name=\"robots\" content=\"index, follow, max-snippet:-1, max-image-preview:large, max-video-preview:-1\" \/>\n<link rel=\"canonical\" href=\"https:\/\/petales-france.fr\/index.php\/rencontres\/\" \/>\n<meta property=\"og:locale\" content=\"fr_FR\" \/>\n<meta property=\"og:type\" content=\"article\" \/>\n<meta property=\"og:title\" content=\"AG,Rencontres Nationales,Journ\u00e9es d&#039;Information,partage,entraide\" \/>\n<meta property=\"og:description\" content=\"se retrouver, \u00e9changer, voter, adh\u00e9rer, participer, s&#039;informer, chercher ensemble, trouver des solutions, partager, se soutenir, s&#039;entraider, apprendre,\" \/>\n<meta property=\"og:url\" content=\"https:\/\/petales-france.fr\/index.php\/rencontres\/\" \/>\n<meta property=\"og:site_name\" content=\"PETALES france\" \/>\n<meta property=\"article:modified_time\" content=\"2026-02-08T18:38:28+00:00\" \/>\n<meta property=\"og:image\" content=\"https:\/\/petales-france.fr\/wp-content\/uploads\/2017\/03\/ensemble_ombrelles_petalesfrance_attachement.jpg\" \/>\n\t<meta property=\"og:image:width\" content=\"640\" \/>\n\t<meta property=\"og:image:height\" content=\"426\" \/>\n\t<meta property=\"og:image:type\" content=\"image\/jpeg\" \/>\n<meta name=\"twitter:card\" content=\"summary_large_image\" \/>\n<meta name=\"twitter:label1\" content=\"Dur\u00e9e de lecture estim\u00e9e\" \/>\n\t<meta name=\"twitter:data1\" content=\"2 minutes\" \/>\n<script type=\"application\/ld+json\" class=\"yoast-schema-graph\">{\"@context\":\"https:\/\/schema.org\",\"@graph\":[{\"@type\":\"WebPage\",\"@id\":\"https:\/\/petales-france.fr\/index.php\/rencontres\/\",\"url\":\"https:\/\/petales-france.fr\/index.php\/rencontres\/\",\"name\":\"AG,Rencontres Nationales,Journ\u00e9es d'Information,partage,entraide\",\"isPartOf\":{\"@id\":\"https:\/\/petales-france.fr\/#website\"},\"primaryImageOfPage\":{\"@id\":\"https:\/\/petales-france.fr\/index.php\/rencontres\/#primaryimage\"},\"image\":{\"@id\":\"https:\/\/petales-france.fr\/index.php\/rencontres\/#primaryimage\"},\"thumbnailUrl\":\"http:\/\/petales-france.fr\/wp-content\/uploads\/2017\/03\/ensemble_ombrelles_petalesfrance_attachement-300x200.jpg\",\"datePublished\":\"2016-11-09T13:50:26+00:00\",\"dateModified\":\"2026-02-08T18:38:28+00:00\",\"description\":\"se retrouver, \u00e9changer, voter, adh\u00e9rer, participer, s'informer, chercher ensemble, trouver des solutions, partager, se soutenir, s'entraider, apprendre,\",\"breadcrumb\":{\"@id\":\"https:\/\/petales-france.fr\/index.php\/rencontres\/#breadcrumb\"},\"inLanguage\":\"fr-FR\",\"potentialAction\":[{\"@type\":\"ReadAction\",\"target\":[\"https:\/\/petales-france.fr\/index.php\/rencontres\/\"]}]},{\"@type\":\"ImageObject\",\"inLanguage\":\"fr-FR\",\"@id\":\"https:\/\/petales-france.fr\/index.php\/rencontres\/#primaryimage\",\"url\":\"http:\/\/petales-france.fr\/wp-content\/uploads\/2017\/03\/ensemble_ombrelles_petalesfrance_attachement-300x200.jpg\",\"contentUrl\":\"http:\/\/petales-france.fr\/wp-content\/uploads\/2017\/03\/ensemble_ombrelles_petalesfrance_attachement-300x200.jpg\"},{\"@type\":\"BreadcrumbList\",\"@id\":\"https:\/\/petales-france.fr\/index.php\/rencontres\/#breadcrumb\",\"itemListElement\":[{\"@type\":\"ListItem\",\"position\":1,\"name\":\"Accueil\",\"item\":\"https:\/\/petales-france.fr\/\"},{\"@type\":\"ListItem\",\"position\":2,\"name\":\"Rencontres\"}]},{\"@type\":\"WebSite\",\"@id\":\"https:\/\/petales-france.fr\/#website\",\"url\":\"https:\/\/petales-france.fr\/\",\"name\":\"PETALES france\",\"description\":\"PETALES france\",\"potentialAction\":[{\"@type\":\"SearchAction\",\"target\":{\"@type\":\"EntryPoint\",\"urlTemplate\":\"https:\/\/petales-france.fr\/?s={search_term_string}\"},\"query-input\":{\"@type\":\"PropertyValueSpecification\",\"valueRequired\":true,\"valueName\":\"search_term_string\"}}],\"inLanguage\":\"fr-FR\"}]}<\/script>\n<!-- \/ Yoast SEO plugin. -->","yoast_head_json":{"title":"AG,Rencontres Nationales,Journ\u00e9es d'Information,partage,entraide","description":"se retrouver, \u00e9changer, voter, adh\u00e9rer, participer, s'informer, chercher ensemble, trouver des solutions, partager, se soutenir, s'entraider, apprendre,","robots":{"index":"index","follow":"follow","max-snippet":"max-snippet:-1","max-image-preview":"max-image-preview:large","max-video-preview":"max-video-preview:-1"},"canonical":"https:\/\/petales-france.fr\/index.php\/rencontres\/","og_locale":"fr_FR","og_type":"article","og_title":"AG,Rencontres Nationales,Journ\u00e9es d'Information,partage,entraide","og_description":"se retrouver, \u00e9changer, voter, adh\u00e9rer, participer, s'informer, chercher ensemble, trouver des solutions, partager, se soutenir, s'entraider, apprendre,","og_url":"https:\/\/petales-france.fr\/index.php\/rencontres\/","og_site_name":"PETALES france","article_modified_time":"2026-02-08T18:38:28+00:00","og_image":[{"width":640,"height":426,"url":"https:\/\/petales-france.fr\/wp-content\/uploads\/2017\/03\/ensemble_ombrelles_petalesfrance_attachement.jpg","type":"image\/jpeg"}],"twitter_card":"summary_large_image","twitter_misc":{"Dur\u00e9e de lecture estim\u00e9e":"2 minutes"},"schema":{"@context":"https:\/\/schema.org","@graph":[{"@type":"WebPage","@id":"https:\/\/petales-france.fr\/index.php\/rencontres\/","url":"https:\/\/petales-france.fr\/index.php\/rencontres\/","name":"AG,Rencontres Nationales,Journ\u00e9es d'Information,partage,entraide","isPartOf":{"@id":"https:\/\/petales-france.fr\/#website"},"primaryImageOfPage":{"@id":"https:\/\/petales-france.fr\/index.php\/rencontres\/#primaryimage"},"image":{"@id":"https:\/\/petales-france.fr\/index.php\/rencontres\/#primaryimage"},"thumbnailUrl":"http:\/\/petales-france.fr\/wp-content\/uploads\/2017\/03\/ensemble_ombrelles_petalesfrance_attachement-300x200.jpg","datePublished":"2016-11-09T13:50:26+00:00","dateModified":"2026-02-08T18:38:28+00:00","description":"se retrouver, \u00e9changer, voter, adh\u00e9rer, participer, s'informer, chercher ensemble, trouver des solutions, partager, se soutenir, s'entraider, apprendre,","breadcrumb":{"@id":"https:\/\/petales-france.fr\/index.php\/rencontres\/#breadcrumb"},"inLanguage":"fr-FR","potentialAction":[{"@type":"ReadAction","target":["https:\/\/petales-france.fr\/index.php\/rencontres\/"]}]},{"@type":"ImageObject","inLanguage":"fr-FR","@id":"https:\/\/petales-france.fr\/index.php\/rencontres\/#primaryimage","url":"http:\/\/petales-france.fr\/wp-content\/uploads\/2017\/03\/ensemble_ombrelles_petalesfrance_attachement-300x200.jpg","contentUrl":"http:\/\/petales-france.fr\/wp-content\/uploads\/2017\/03\/ensemble_ombrelles_petalesfrance_attachement-300x200.jpg"},{"@type":"BreadcrumbList","@id":"https:\/\/petales-france.fr\/index.php\/rencontres\/#breadcrumb","itemListElement":[{"@type":"ListItem","position":1,"name":"Accueil","item":"https:\/\/petales-france.fr\/"},{"@type":"ListItem","position":2,"name":"Rencontres"}]},{"@type":"WebSite","@id":"https:\/\/petales-france.fr\/#website","url":"https:\/\/petales-france.fr\/","name":"PETALES france","description":"PETALES france","potentialAction":[{"@type":"SearchAction","target":{"@type":"EntryPoint","urlTemplate":"https:\/\/petales-france.fr\/?s={search_term_string}"},"query-input":{"@type":"PropertyValueSpecification","valueRequired":true,"valueName":"search_term_string"}}],"inLanguage":"fr-FR"}]}},"_links":{"self":[{"href":"https:\/\/petales-france.fr\/index.php\/wp-json\/wp\/v2\/pages\/35","targetHints":{"allow":["GET"]}}],"collection":[{"href":"https:\/\/petales-france.fr\/index.php\/wp-json\/wp\/v2\/pages"}],"about":[{"href":"https:\/\/petales-france.fr\/index.php\/wp-json\/wp\/v2\/types\/page"}],"author":[{"embeddable":true,"href":"https:\/\/petales-france.fr\/index.php\/wp-json\/wp\/v2\/users\/2"}],"replies":[{"embeddable":true,"href":"https:\/\/petales-france.fr\/index.php\/wp-json\/wp\/v2\/comments?post=35"}],"version-history":[{"count":18,"href":"https:\/\/petales-france.fr\/index.php\/wp-json\/wp\/v2\/pages\/35\/revisions"}],"predecessor-version":[{"id":2148,"href":"https:\/\/petales-france.fr\/index.php\/wp-json\/wp\/v2\/pages\/35\/revisions\/2148"}],"wp:attachment":[{"href":"https:\/\/petales-france.fr\/index.php\/wp-json\/wp\/v2\/media?parent=35"}],"curies":[{"name":"wp","href":"https:\/\/api.w.org\/{rel}","templated":true}]}}