{"id":33,"date":"2016-11-09T14:50:04","date_gmt":"2016-11-09T13:50:04","guid":{"rendered":"http:\/\/petales-france.fr\/?page_id=33"},"modified":"2017-05-02T11:11:33","modified_gmt":"2017-05-02T09:11:33","slug":"r-e-d","status":"publish","type":"page","link":"https:\/\/petales-france.fr\/index.php\/r-e-d\/","title":{"rendered":"R.E.D."},"content":{"rendered":"<h2>R.E.D. : R\u00e9seau d\u2019\u00c9changes Direct<\/h2>\n<p>Vous \u00eates adh\u00e9rent \u00e0 <strong>PETALES France<\/strong> et vous souhaitez entrer en contact directement avec d\u2019autres familles adh\u00e9rentes : l&rsquo;association vous propose d&rsquo;\u00e9changer entre parents et sert d&rsquo;interm\u00e9diaire afin de diffuser vos annonces.<\/p>\n<p><strong>Les parents en parlent\u2026<\/strong><\/p>\n<blockquote><p><em>\u00ab\u00a0J\u2019ai re\u00e7u plein d\u2019infos suite \u00e0 mon annonce RED. J\u2019ai quelques pistes int\u00e9ressantes et des adresses \u00e0 contacter.\u00a0\u00bb <\/em><\/p>\n<p><em>\u00ab\u00a0Je ne pensais pas recevoir tant de r\u00e9ponses d\u00e8s le premier jour et toutes tr\u00e8s gentilles. Ca fait du bien !\u00a0\u00bb<\/em><\/p>\n<p><em>\u00ab\u00a0Quelques familles m\u2019ont r\u00e9pondu et je suis en contact plus particuli\u00e8rement avec une autre maman qui n\u2019habite pas loin de chez moi. On doit se rencontrer. Merci<\/em>.\u00a0\u00bb<\/p><\/blockquote>\n<p>&nbsp;<\/p>\n<p>Si vous d\u00e9sirez diffuser une annonce, contactez le secr\u00e9tariat pour recevoir un bulletin d&rsquo;annonce.<\/p>\n","protected":false},"excerpt":{"rendered":"<p>R.E.D. : R\u00e9seau d\u2019\u00c9changes Direct Vous \u00eates adh\u00e9rent \u00e0 PETALES France et vous souhaitez entrer en contact directement avec d\u2019autres familles adh\u00e9rentes : l&rsquo;association vous propose d&rsquo;\u00e9changer entre parents et sert d&rsquo;interm\u00e9diaire afin de diffuser vos annonces. Les parents en<span class=\"ellipsis\">&hellip;<\/span><\/p>\n<div class=\"read-more\"><a href=\"https:\/\/petales-france.fr\/index.php\/r-e-d\/\">Lire la suite <span class=\"screen-reader-text\">R.E.D.<\/span><span class=\"meta-nav\"> &#8250;<\/span><\/a><\/div>\n<p><!-- end of .read-more --><\/p>\n","protected":false},"author":2,"featured_media":0,"parent":0,"menu_order":0,"comment_status":"closed","ping_status":"closed","template":"","meta":{"footnotes":""},"class_list":["post-33","page","type-page","status-publish","hentry"],"yoast_head":"<!-- This site is optimized with the Yoast SEO plugin v25.6 - https:\/\/yoast.com\/wordpress\/plugins\/seo\/ -->\n<title>r\u00e9seau \u00e9changes directs parents,aide, pistes, infos utiles, quotidien difficile<\/title>\n<meta name=\"description\" content=\"infos utiles, pistes, entraide, r\u00e9seau d&#039;\u00e9changes, recherche solutions, structures d&#039;accueil, \u00e9changes directs, confidentialit\u00e9, anonymat, difficult\u00e9s\" \/>\n<meta name=\"robots\" content=\"index, follow, max-snippet:-1, max-image-preview:large, max-video-preview:-1\" \/>\n<link rel=\"canonical\" href=\"https:\/\/petales-france.fr\/index.php\/r-e-d\/\" \/>\n<meta property=\"og:locale\" content=\"fr_FR\" \/>\n<meta property=\"og:type\" content=\"article\" \/>\n<meta property=\"og:title\" content=\"r\u00e9seau \u00e9changes directs parents,aide, pistes, infos utiles, quotidien difficile\" \/>\n<meta property=\"og:description\" content=\"infos utiles, pistes, entraide, r\u00e9seau d&#039;\u00e9changes, recherche solutions, structures d&#039;accueil, \u00e9changes directs, confidentialit\u00e9, anonymat, difficult\u00e9s\" \/>\n<meta property=\"og:url\" content=\"https:\/\/petales-france.fr\/index.php\/r-e-d\/\" \/>\n<meta property=\"og:site_name\" content=\"PETALES france\" \/>\n<meta property=\"article:modified_time\" content=\"2017-05-02T09:11:33+00:00\" \/>\n<meta name=\"twitter:card\" content=\"summary_large_image\" \/>\n<meta name=\"twitter:label1\" content=\"Dur\u00e9e de lecture estim\u00e9e\" \/>\n\t<meta name=\"twitter:data1\" content=\"1 minute\" \/>\n<script type=\"application\/ld+json\" class=\"yoast-schema-graph\">{\"@context\":\"https:\/\/schema.org\",\"@graph\":[{\"@type\":\"WebPage\",\"@id\":\"https:\/\/petales-france.fr\/index.php\/r-e-d\/\",\"url\":\"https:\/\/petales-france.fr\/index.php\/r-e-d\/\",\"name\":\"r\u00e9seau \u00e9changes directs parents,aide, pistes, infos utiles, quotidien difficile\",\"isPartOf\":{\"@id\":\"https:\/\/petales-france.fr\/#website\"},\"datePublished\":\"2016-11-09T13:50:04+00:00\",\"dateModified\":\"2017-05-02T09:11:33+00:00\",\"description\":\"infos utiles, pistes, entraide, r\u00e9seau d'\u00e9changes, recherche solutions, structures d'accueil, \u00e9changes directs, confidentialit\u00e9, anonymat, difficult\u00e9s\",\"breadcrumb\":{\"@id\":\"https:\/\/petales-france.fr\/index.php\/r-e-d\/#breadcrumb\"},\"inLanguage\":\"fr-FR\",\"potentialAction\":[{\"@type\":\"ReadAction\",\"target\":[\"https:\/\/petales-france.fr\/index.php\/r-e-d\/\"]}]},{\"@type\":\"BreadcrumbList\",\"@id\":\"https:\/\/petales-france.fr\/index.php\/r-e-d\/#breadcrumb\",\"itemListElement\":[{\"@type\":\"ListItem\",\"position\":1,\"name\":\"Accueil\",\"item\":\"https:\/\/petales-france.fr\/\"},{\"@type\":\"ListItem\",\"position\":2,\"name\":\"R.E.D.\"}]},{\"@type\":\"WebSite\",\"@id\":\"https:\/\/petales-france.fr\/#website\",\"url\":\"https:\/\/petales-france.fr\/\",\"name\":\"PETALES france\",\"description\":\"PETALES france\",\"potentialAction\":[{\"@type\":\"SearchAction\",\"target\":{\"@type\":\"EntryPoint\",\"urlTemplate\":\"https:\/\/petales-france.fr\/?s={search_term_string}\"},\"query-input\":{\"@type\":\"PropertyValueSpecification\",\"valueRequired\":true,\"valueName\":\"search_term_string\"}}],\"inLanguage\":\"fr-FR\"}]}<\/script>\n<!-- \/ Yoast SEO plugin. -->","yoast_head_json":{"title":"r\u00e9seau \u00e9changes directs parents,aide, pistes, infos utiles, quotidien difficile","description":"infos utiles, pistes, entraide, r\u00e9seau d'\u00e9changes, recherche solutions, structures d'accueil, \u00e9changes directs, confidentialit\u00e9, anonymat, difficult\u00e9s","robots":{"index":"index","follow":"follow","max-snippet":"max-snippet:-1","max-image-preview":"max-image-preview:large","max-video-preview":"max-video-preview:-1"},"canonical":"https:\/\/petales-france.fr\/index.php\/r-e-d\/","og_locale":"fr_FR","og_type":"article","og_title":"r\u00e9seau \u00e9changes directs parents,aide, pistes, infos utiles, quotidien difficile","og_description":"infos utiles, pistes, entraide, r\u00e9seau d'\u00e9changes, recherche solutions, structures d'accueil, \u00e9changes directs, confidentialit\u00e9, anonymat, difficult\u00e9s","og_url":"https:\/\/petales-france.fr\/index.php\/r-e-d\/","og_site_name":"PETALES france","article_modified_time":"2017-05-02T09:11:33+00:00","twitter_card":"summary_large_image","twitter_misc":{"Dur\u00e9e de lecture estim\u00e9e":"1 minute"},"schema":{"@context":"https:\/\/schema.org","@graph":[{"@type":"WebPage","@id":"https:\/\/petales-france.fr\/index.php\/r-e-d\/","url":"https:\/\/petales-france.fr\/index.php\/r-e-d\/","name":"r\u00e9seau \u00e9changes directs parents,aide, pistes, infos utiles, quotidien difficile","isPartOf":{"@id":"https:\/\/petales-france.fr\/#website"},"datePublished":"2016-11-09T13:50:04+00:00","dateModified":"2017-05-02T09:11:33+00:00","description":"infos utiles, pistes, entraide, r\u00e9seau d'\u00e9changes, recherche solutions, structures d'accueil, \u00e9changes directs, confidentialit\u00e9, anonymat, difficult\u00e9s","breadcrumb":{"@id":"https:\/\/petales-france.fr\/index.php\/r-e-d\/#breadcrumb"},"inLanguage":"fr-FR","potentialAction":[{"@type":"ReadAction","target":["https:\/\/petales-france.fr\/index.php\/r-e-d\/"]}]},{"@type":"BreadcrumbList","@id":"https:\/\/petales-france.fr\/index.php\/r-e-d\/#breadcrumb","itemListElement":[{"@type":"ListItem","position":1,"name":"Accueil","item":"https:\/\/petales-france.fr\/"},{"@type":"ListItem","position":2,"name":"R.E.D."}]},{"@type":"WebSite","@id":"https:\/\/petales-france.fr\/#website","url":"https:\/\/petales-france.fr\/","name":"PETALES france","description":"PETALES france","potentialAction":[{"@type":"SearchAction","target":{"@type":"EntryPoint","urlTemplate":"https:\/\/petales-france.fr\/?s={search_term_string}"},"query-input":{"@type":"PropertyValueSpecification","valueRequired":true,"valueName":"search_term_string"}}],"inLanguage":"fr-FR"}]}},"_links":{"self":[{"href":"https:\/\/petales-france.fr\/index.php\/wp-json\/wp\/v2\/pages\/33","targetHints":{"allow":["GET"]}}],"collection":[{"href":"https:\/\/petales-france.fr\/index.php\/wp-json\/wp\/v2\/pages"}],"about":[{"href":"https:\/\/petales-france.fr\/index.php\/wp-json\/wp\/v2\/types\/page"}],"author":[{"embeddable":true,"href":"https:\/\/petales-france.fr\/index.php\/wp-json\/wp\/v2\/users\/2"}],"replies":[{"embeddable":true,"href":"https:\/\/petales-france.fr\/index.php\/wp-json\/wp\/v2\/comments?post=33"}],"version-history":[{"count":12,"href":"https:\/\/petales-france.fr\/index.php\/wp-json\/wp\/v2\/pages\/33\/revisions"}],"predecessor-version":[{"id":1108,"href":"https:\/\/petales-france.fr\/index.php\/wp-json\/wp\/v2\/pages\/33\/revisions\/1108"}],"wp:attachment":[{"href":"https:\/\/petales-france.fr\/index.php\/wp-json\/wp\/v2\/media?parent=33"}],"curies":[{"name":"wp","href":"https:\/\/api.w.org\/{rel}","templated":true}]}}