{"id":307,"date":"2017-01-13T11:13:42","date_gmt":"2017-01-13T10:13:42","guid":{"rendered":"http:\/\/petales-france.fr\/?page_id=307"},"modified":"2026-02-24T15:26:15","modified_gmt":"2026-02-24T14:26:15","slug":"interventions","status":"publish","type":"page","link":"https:\/\/petales-france.fr\/index.php\/interventions\/","title":{"rendered":"Interventions"},"content":{"rendered":"<p class=\"Texte14beige\"><strong>PETALES France<\/strong> r\u00e9alise depuis 2004 des interventions aupr\u00e8s d&rsquo;un public vari\u00e9 (parents, professionnels, associations&#8230;.) et, depuis quelques ann\u00e9es, pour toute forme de parentalit\u00e9 : biologique, adoptive et enfant plac\u00e9.<\/p>\n<p>Ces interventions\u00a0 s\u2019adressent donc \u00e0 de nombreux secteurs :<br \/>\n&#8211; de la parentalit\u00e9<br \/>\n&#8211; de la sant\u00e9<br \/>\n&#8211; sociaux<br \/>\n&#8211; de l&rsquo;\u00e9ducation &#8230;.<\/p>\n<ul>\n<li>Intervention de base : Conf\u00e9rence L&rsquo;ATTACHEMENT et ses difficult\u00e9s : comment alors favoriser le lien ?<\/li>\n<li>Intervention \u00e0 th\u00e8mes : Conf\u00e9rence L&rsquo;ATTACHEMENT Ins\u00e9cure : Apprentissages, Oppositions Col\u00e8res<\/li>\n<li>Interventions AIDAA (<strong>A<\/strong>ttachement<strong> I<\/strong>ns\u00e9cure, <strong>D<\/strong>\u00e9crypter, <strong>A<\/strong>dapter, <strong>A<\/strong>nticiper) <strong>Familles <\/strong>: journ\u00e9e de soutien \u00e0 la parentalit\u00e9 &#8211; 3 formules : AIDAA Parents, AIDAA Postulants, AIDAA Mixte (parents et postulants)<\/li>\n<li>Intervention AIDAA <strong>Acteurs :<\/strong> journ\u00e9e d&rsquo;information destin\u00e9e aux diff\u00e9rents acteurs \u00e9voluant autour des familles concern\u00e9es par l&rsquo;attachement et ses difficult\u00e9s.<\/li>\n<li>Intervention double possible (AIDAA Familles + Conf\u00e9rence ou AIDAA Acteurs + Conf\u00e9rence)<\/li>\n<li>Journ\u00e9e Parentale sur la col\u00e8re<\/li>\n<li>Un nouveau module destin\u00e9 exclusivement aux candidats \u00e0 l&rsquo;adoption et \u00e0 leur famille proche a \u00e9t\u00e9 \u00e9labor\u00e9 pour sensibiliser ces futurs parents aux sp\u00e9cificit\u00e9s de la filiation adoptive.<\/li>\n<\/ul>\n<p><a href=\"https:\/\/petales-france.fr\/wp-content\/uploads\/2026\/02\/PETALESFrance_Interventions_Protocole_Site.pdf\" target=\"_blank\" rel=\"noopener\"> <strong>Protocole des interventions<\/strong><\/a> \u00e0 consulter, tarifs et informations compl\u00e9mentaires \u00e0 demander au secr\u00e9tariat<\/p>\n","protected":false},"excerpt":{"rendered":"<p>PETALES France r\u00e9alise depuis 2004 des interventions aupr\u00e8s d&rsquo;un public vari\u00e9 (parents, professionnels, associations&#8230;.) et, depuis quelques ann\u00e9es, pour toute forme de parentalit\u00e9 : biologique, adoptive et enfant plac\u00e9. Ces interventions\u00a0 s\u2019adressent donc \u00e0 de nombreux secteurs : &#8211; de<span class=\"ellipsis\">&hellip;<\/span><\/p>\n<div class=\"read-more\"><a href=\"https:\/\/petales-france.fr\/index.php\/interventions\/\">Lire la suite <span class=\"screen-reader-text\">Interventions<\/span><span class=\"meta-nav\"> &#8250;<\/span><\/a><\/div>\n<p><!-- end of .read-more --><\/p>\n","protected":false},"author":2,"featured_media":0,"parent":0,"menu_order":0,"comment_status":"closed","ping_status":"closed","template":"","meta":{"footnotes":""},"class_list":["post-307","page","type-page","status-publish","hentry"],"yoast_head":"<!-- This site is optimized with the Yoast SEO plugin v25.6 - https:\/\/yoast.com\/wordpress\/plugins\/seo\/ -->\n<title>Interventions,pr\u00e9sentation attachement,informations,mises en situations,<\/title>\n<meta name=\"description\" content=\"comprendre l&#039;attachement, besoin primaire, g\u00e9rer le quotidien, favoriser le lien, confiance, cons\u00e9quences attachement ins\u00e9cure, difficult\u00e9s relationnnelles,\" \/>\n<meta name=\"robots\" content=\"index, follow, max-snippet:-1, max-image-preview:large, max-video-preview:-1\" \/>\n<link rel=\"canonical\" href=\"https:\/\/petales-france.fr\/index.php\/interventions\/\" \/>\n<meta property=\"og:locale\" content=\"fr_FR\" \/>\n<meta property=\"og:type\" content=\"article\" \/>\n<meta property=\"og:title\" content=\"Interventions,pr\u00e9sentation attachement,informations,mises en situations,\" \/>\n<meta property=\"og:description\" content=\"comprendre l&#039;attachement, besoin primaire, g\u00e9rer le quotidien, favoriser le lien, confiance, cons\u00e9quences attachement ins\u00e9cure, difficult\u00e9s relationnnelles,\" \/>\n<meta property=\"og:url\" content=\"https:\/\/petales-france.fr\/index.php\/interventions\/\" \/>\n<meta property=\"og:site_name\" content=\"PETALES france\" \/>\n<meta property=\"article:modified_time\" content=\"2026-02-24T14:26:15+00:00\" \/>\n<meta name=\"twitter:card\" content=\"summary_large_image\" \/>\n<meta name=\"twitter:label1\" content=\"Dur\u00e9e de lecture estim\u00e9e\" \/>\n\t<meta name=\"twitter:data1\" content=\"1 minute\" \/>\n<script type=\"application\/ld+json\" class=\"yoast-schema-graph\">{\"@context\":\"https:\/\/schema.org\",\"@graph\":[{\"@type\":\"WebPage\",\"@id\":\"https:\/\/petales-france.fr\/index.php\/interventions\/\",\"url\":\"https:\/\/petales-france.fr\/index.php\/interventions\/\",\"name\":\"Interventions,pr\u00e9sentation attachement,informations,mises en situations,\",\"isPartOf\":{\"@id\":\"https:\/\/petales-france.fr\/#website\"},\"datePublished\":\"2017-01-13T10:13:42+00:00\",\"dateModified\":\"2026-02-24T14:26:15+00:00\",\"description\":\"comprendre l'attachement, besoin primaire, g\u00e9rer le quotidien, favoriser le lien, confiance, cons\u00e9quences attachement ins\u00e9cure, difficult\u00e9s relationnnelles,\",\"breadcrumb\":{\"@id\":\"https:\/\/petales-france.fr\/index.php\/interventions\/#breadcrumb\"},\"inLanguage\":\"fr-FR\",\"potentialAction\":[{\"@type\":\"ReadAction\",\"target\":[\"https:\/\/petales-france.fr\/index.php\/interventions\/\"]}]},{\"@type\":\"BreadcrumbList\",\"@id\":\"https:\/\/petales-france.fr\/index.php\/interventions\/#breadcrumb\",\"itemListElement\":[{\"@type\":\"ListItem\",\"position\":1,\"name\":\"Accueil\",\"item\":\"https:\/\/petales-france.fr\/\"},{\"@type\":\"ListItem\",\"position\":2,\"name\":\"Interventions\"}]},{\"@type\":\"WebSite\",\"@id\":\"https:\/\/petales-france.fr\/#website\",\"url\":\"https:\/\/petales-france.fr\/\",\"name\":\"PETALES france\",\"description\":\"PETALES france\",\"potentialAction\":[{\"@type\":\"SearchAction\",\"target\":{\"@type\":\"EntryPoint\",\"urlTemplate\":\"https:\/\/petales-france.fr\/?s={search_term_string}\"},\"query-input\":{\"@type\":\"PropertyValueSpecification\",\"valueRequired\":true,\"valueName\":\"search_term_string\"}}],\"inLanguage\":\"fr-FR\"}]}<\/script>\n<!-- \/ Yoast SEO plugin. -->","yoast_head_json":{"title":"Interventions,pr\u00e9sentation attachement,informations,mises en situations,","description":"comprendre l'attachement, besoin primaire, g\u00e9rer le quotidien, favoriser le lien, confiance, cons\u00e9quences attachement ins\u00e9cure, difficult\u00e9s relationnnelles,","robots":{"index":"index","follow":"follow","max-snippet":"max-snippet:-1","max-image-preview":"max-image-preview:large","max-video-preview":"max-video-preview:-1"},"canonical":"https:\/\/petales-france.fr\/index.php\/interventions\/","og_locale":"fr_FR","og_type":"article","og_title":"Interventions,pr\u00e9sentation attachement,informations,mises en situations,","og_description":"comprendre l'attachement, besoin primaire, g\u00e9rer le quotidien, favoriser le lien, confiance, cons\u00e9quences attachement ins\u00e9cure, difficult\u00e9s relationnnelles,","og_url":"https:\/\/petales-france.fr\/index.php\/interventions\/","og_site_name":"PETALES france","article_modified_time":"2026-02-24T14:26:15+00:00","twitter_card":"summary_large_image","twitter_misc":{"Dur\u00e9e de lecture estim\u00e9e":"1 minute"},"schema":{"@context":"https:\/\/schema.org","@graph":[{"@type":"WebPage","@id":"https:\/\/petales-france.fr\/index.php\/interventions\/","url":"https:\/\/petales-france.fr\/index.php\/interventions\/","name":"Interventions,pr\u00e9sentation attachement,informations,mises en situations,","isPartOf":{"@id":"https:\/\/petales-france.fr\/#website"},"datePublished":"2017-01-13T10:13:42+00:00","dateModified":"2026-02-24T14:26:15+00:00","description":"comprendre l'attachement, besoin primaire, g\u00e9rer le quotidien, favoriser le lien, confiance, cons\u00e9quences attachement ins\u00e9cure, difficult\u00e9s relationnnelles,","breadcrumb":{"@id":"https:\/\/petales-france.fr\/index.php\/interventions\/#breadcrumb"},"inLanguage":"fr-FR","potentialAction":[{"@type":"ReadAction","target":["https:\/\/petales-france.fr\/index.php\/interventions\/"]}]},{"@type":"BreadcrumbList","@id":"https:\/\/petales-france.fr\/index.php\/interventions\/#breadcrumb","itemListElement":[{"@type":"ListItem","position":1,"name":"Accueil","item":"https:\/\/petales-france.fr\/"},{"@type":"ListItem","position":2,"name":"Interventions"}]},{"@type":"WebSite","@id":"https:\/\/petales-france.fr\/#website","url":"https:\/\/petales-france.fr\/","name":"PETALES france","description":"PETALES france","potentialAction":[{"@type":"SearchAction","target":{"@type":"EntryPoint","urlTemplate":"https:\/\/petales-france.fr\/?s={search_term_string}"},"query-input":{"@type":"PropertyValueSpecification","valueRequired":true,"valueName":"search_term_string"}}],"inLanguage":"fr-FR"}]}},"_links":{"self":[{"href":"https:\/\/petales-france.fr\/index.php\/wp-json\/wp\/v2\/pages\/307","targetHints":{"allow":["GET"]}}],"collection":[{"href":"https:\/\/petales-france.fr\/index.php\/wp-json\/wp\/v2\/pages"}],"about":[{"href":"https:\/\/petales-france.fr\/index.php\/wp-json\/wp\/v2\/types\/page"}],"author":[{"embeddable":true,"href":"https:\/\/petales-france.fr\/index.php\/wp-json\/wp\/v2\/users\/2"}],"replies":[{"embeddable":true,"href":"https:\/\/petales-france.fr\/index.php\/wp-json\/wp\/v2\/comments?post=307"}],"version-history":[{"count":28,"href":"https:\/\/petales-france.fr\/index.php\/wp-json\/wp\/v2\/pages\/307\/revisions"}],"predecessor-version":[{"id":2152,"href":"https:\/\/petales-france.fr\/index.php\/wp-json\/wp\/v2\/pages\/307\/revisions\/2152"}],"wp:attachment":[{"href":"https:\/\/petales-france.fr\/index.php\/wp-json\/wp\/v2\/media?parent=307"}],"curies":[{"name":"wp","href":"https:\/\/api.w.org\/{rel}","templated":true}]}}