{"id":289,"date":"2017-01-13T10:54:13","date_gmt":"2017-01-13T09:54:13","guid":{"rendered":"http:\/\/petales-france.fr\/?page_id=289"},"modified":"2026-02-08T18:39:03","modified_gmt":"2026-02-08T17:39:03","slug":"qui-sommes-nous","status":"publish","type":"page","link":"https:\/\/petales-france.fr\/index.php\/qui-sommes-nous\/","title":{"rendered":"Qui sommes nous ?"},"content":{"rendered":"<div id=\"pl-289\"  class=\"panel-layout\" ><div id=\"pg-289-0\"  class=\"panel-grid panel-no-style\" ><div id=\"pgc-289-0-0\"  class=\"panel-grid-cell\" ><div id=\"panel-289-0-0-0\" class=\"so-panel widget widget_sow-editor panel-first-child panel-last-child\" data-index=\"0\" ><div\n\t\t\t\n\t\t\tclass=\"so-widget-sow-editor so-widget-sow-editor-base\"\n\t\t\t\n\t\t>\n<div class=\"siteorigin-widget-tinymce textwidget\">\n\t<div data-canvas-width=\"188.10000000000005\">Les objectifs de <strong>PETALES France<\/strong><\/div>\n<div data-canvas-width=\"188.10000000000005\">L\u2019association informe, aide, soutient les parents et toute personne concern\u00e9e directement ou indirectement par l\u2019attachement, les d\u00e9fis de l\u2019attachement et les troubles de l\u2019attachement. L\u2019association peut \u00e9changer des informations, d\u00e9battre ou collaborer avec toute association, institution, professionnel etc., concern\u00e9s par l\u2019attachement, les d\u00e9fis d\u2019attachement et les troubles de l\u2019attachement. Pour r\u00e9aliser ces objectifs, l\u2019association peut entreprendre toute action dans le respect des statuts et du r\u00e8glement int\u00e9rieur.<\/div>\n<div data-canvas-width=\"188.10000000000005\"><img loading=\"lazy\" decoding=\"async\" class=\"alignnone size-medium wp-image-619\" src=\"http:\/\/petales-france.fr\/wp-content\/uploads\/2017\/03\/chemin_petalesfrance_attachement-300x200.jpg\" alt=\"\" width=\"300\" height=\"200\" srcset=\"https:\/\/petales-france.fr\/wp-content\/uploads\/2017\/03\/chemin_petalesfrance_attachement-300x200.jpg 300w, https:\/\/petales-france.fr\/wp-content\/uploads\/2017\/03\/chemin_petalesfrance_attachement-100x67.jpg 100w, https:\/\/petales-france.fr\/wp-content\/uploads\/2017\/03\/chemin_petalesfrance_attachement-150x100.jpg 150w, https:\/\/petales-france.fr\/wp-content\/uploads\/2017\/03\/chemin_petalesfrance_attachement-200x133.jpg 200w, https:\/\/petales-france.fr\/wp-content\/uploads\/2017\/03\/chemin_petalesfrance_attachement-450x300.jpg 450w, https:\/\/petales-france.fr\/wp-content\/uploads\/2017\/03\/chemin_petalesfrance_attachement-600x399.jpg 600w, https:\/\/petales-france.fr\/wp-content\/uploads\/2017\/03\/chemin_petalesfrance_attachement-272x182.jpg 272w, https:\/\/petales-france.fr\/wp-content\/uploads\/2017\/03\/chemin_petalesfrance_attachement.jpg 640w\" sizes=\"auto, (max-width: 300px) 100vw, 300px\" \/><\/div>\n<div data-canvas-width=\"188.10000000000005\">\n<p><strong>\u00a0<\/strong><em>Avertissement :<\/em><br \/>\n<em><strong>PETALES France<\/strong> n\u2019a pas pour but de poser ou de vous aider \u00e0 poser un diagnostic. Seul un professionnel est habilit\u00e9 \u00e0 le faire. Tout document de l\u2019association <strong>PETALES France<\/strong> est donn\u00e9 uniquement \u00e0 titre d\u2019information et ne peut en aucun cas \u00eatre utilis\u00e9 afin de poser un diagnostic que ce soit aupr\u00e8s des professionnels de sant\u00e9, des juges pour enfant ou de toute autre personne.<\/em><br \/>\n<em><strong> PETALES France<\/strong> d\u00e9cline toute responsabilit\u00e9 devant un \u00e9ventuel usage abusif de ses documents ou devant toute modification du document original. Conform\u00e9ment \u00e0 la l\u00e9gislation relative aux droits de copie et de reproduction, tout document ou ouvrage est r\u00e9serv\u00e9 \u00e0 votre usage personnel et ne peut \u00eatre diffus\u00e9 ou copi\u00e9.<\/em><\/p>\n<\/div>\n<div data-canvas-width=\"188.10000000000005\"><\/div>\n<div data-canvas-width=\"188.10000000000005\"><\/div>\n<\/div>\n<\/div><\/div><\/div><div id=\"pgc-289-0-1\"  class=\"panel-grid-cell\" ><div id=\"panel-289-0-1-0\" class=\"so-panel widget widget_sow-editor panel-first-child panel-last-child\" data-index=\"1\" ><div\n\t\t\t\n\t\t\tclass=\"so-widget-sow-editor so-widget-sow-editor-base\"\n\t\t\t\n\t\t>\n<div class=\"siteorigin-widget-tinymce textwidget\">\n\t<h4 style=\"text-align: left;\"><\/h4>\n<h4 style=\"text-align: left;\"><img loading=\"lazy\" decoding=\"async\" class=\"size-medium wp-image-618 aligncenter\" src=\"http:\/\/petales-france.fr\/wp-content\/uploads\/2017\/03\/cairn_petalesfrance_attachement-300x227.jpg\" alt=\"\" width=\"300\" height=\"227\" srcset=\"https:\/\/petales-france.fr\/wp-content\/uploads\/2017\/03\/cairn_petalesfrance_attachement-300x227.jpg 300w, https:\/\/petales-france.fr\/wp-content\/uploads\/2017\/03\/cairn_petalesfrance_attachement-100x76.jpg 100w, https:\/\/petales-france.fr\/wp-content\/uploads\/2017\/03\/cairn_petalesfrance_attachement-150x113.jpg 150w, https:\/\/petales-france.fr\/wp-content\/uploads\/2017\/03\/cairn_petalesfrance_attachement-200x150.jpg 200w, https:\/\/petales-france.fr\/wp-content\/uploads\/2017\/03\/cairn_petalesfrance_attachement-450x340.jpg 450w, https:\/\/petales-france.fr\/wp-content\/uploads\/2017\/03\/cairn_petalesfrance_attachement-600x454.jpg 600w, https:\/\/petales-france.fr\/wp-content\/uploads\/2017\/03\/cairn_petalesfrance_attachement.jpg 640w\" sizes=\"auto, (max-width: 300px) 100vw, 300px\" \/><\/h4>\n<p style=\"text-align: center;\">Naissance et Evolution de <strong>PETALES France<\/strong><\/p>\n<p>Une association de parents pour aider des parents :<\/p>\n<p>L'association a \u00e9t\u00e9 cr\u00e9\u00e9e en 2002, par 6 membres fondateurs, avec l\u2019aide de PETALES asbl Belgique, et WAT NU (pour la partie n\u00e9erlandophone). L\u2019objectif premier \u00e9tait, en parlant de Troubles de l\u2019attachement, de r\u00e9pondre \u00e0 une demande de parents adoptifs fran\u00e7ais en recherche d'aide, face aux comportements d\u00e9routants de leurs enfants.<\/p>\n<p>Au fil des ann\u00e9es, PETALES France a \u00e9volu\u00e9 en abordant la th\u00e9orie de l\u2019attachement dans sa globalit\u00e9 (attachement s\u00e9cure, attachement ins\u00e9cure et troubles de l\u2019attachement) et en \u00e9largissant ses actions de soutien \u00e0 des actions d\u2019information dans un but pr\u00e9ventif. Elle a \u00e9galement d\u00e9cid\u00e9 de ne pas se limiter \u00e0 la sph\u00e8re adoptive qui constituait les premi\u00e8res ann\u00e9es la totalit\u00e9 de ses adh\u00e9rents, pour faire conna\u00eetre \u00e0 tout public l\u2019importance de l\u2019attachement dans le d\u00e9veloppement de chacun.<\/p>\n<p>Aujourd\u2019hui, \u00e0 l\u2019heure o\u00f9 l\u2019attachement fait l\u2019objet de nombreuses publications, nos actions portent toujours sur la pr\u00e9vention et sur l\u2019information, mais notre exp\u00e9rience de presque 25 ans nous permet de toucher un public beaucoup plus large : les familles biologiques, les familles adoptives, les familles d\u2019accueil, les institutions, les professionnels, les \u00e9tudiants, \u00a0les associations.<\/p>\n<p>Quelques pr\u00e9cisions sur ces deux p\u00f4les d\u2019action\u00a0:<\/p>\n<p>L\u2019information aupr\u00e8s des parents, futurs parents, postulants \u00e0 l'adoption, professionnels, associations, institutions se fait lors de journ\u00e9es d\u2019intervention, de visio-conf\u00e9rences et porte sur :<\/p>\n<ul>\n<li>La th\u00e9orie de l\u2019attachement et l\u2019importance des liens pour l\u2019\u00e9panouissement de l\u2019enfant.<\/li>\n<li>Les d\u00e9fis de l\u2019attachement (situations \u00e0 risques, attitudes \u00e9ducatives\u2026)<\/li>\n<li>L\u2019attachement ins\u00e9cure et les troubles de l\u2019attachement<\/li>\n<li>D'autres facteurs qui apportent un \u00e9clairage nouveau comme les neuro-sciences<\/li>\n<\/ul>\n<p>La pr\u00e9vention et le soutien aupr\u00e8s des familles se font dans de petits groupes de soutien en r\u00e9gion (GREP), par t\u00e9l\u00e9phone (\u00e9coute hebdomadaire -jours et horaires fixes- \u00e9coute d'accueil, \u00e9coute sur rendez-vous), par mail (soutien@) et consistent \u00e0 :<\/p>\n<ul>\n<li>Accompagner pour favoriser la cr\u00e9ation du lien avec l\u2019enfant<\/li>\n<li>Aider et soutenir les familles en difficult\u00e9 en tenant compte de l\u2019attachement ins\u00e9cure<\/li>\n<li>Outiller de fa\u00e7on pratique les parents dans la gestion des comportements de leurs enfants au quotidien<\/li>\n<\/ul>\n<p>En 2026, le Conseil d'Administration est constitu\u00e9 de 8 membres. Environ 40 b\u00e9n\u00e9voles actifs permettent de r\u00e9aliser les actions d\u2019une association qui ne cesse de se d\u00e9velopper avec des adh\u00e9rents sur tout le territoire, sans oublier quelques adh\u00e9rents francophones diss\u00e9min\u00e9s. Chaque ann\u00e9e, on compte environ 1000 contacts par mail ou courrier pour des demandes de renseignement ou d\u2019aide ponctuelle. La ligne d\u2019Ecoute, quant \u00e0 elle, re\u00e7oit 150 appels environ par an (dur\u00e9e moyenne d\u2019un appel : 1 heure). Le nombre des GREP actifs oscille entre 10 et 12.<\/p>\n<\/div>\n<\/div><\/div><\/div><\/div><\/div>","protected":false},"excerpt":{"rendered":"<p>Les objectifs de PETALES France L\u2019association informe, aide, soutient les parents et toute personne concern\u00e9e directement ou indirectement par l\u2019attachement, les d\u00e9fis de l\u2019attachement et les troubles de l\u2019attachement. L\u2019association peut \u00e9changer des informations, d\u00e9battre ou collaborer avec toute association,<span class=\"ellipsis\">&hellip;<\/span><\/p>\n<div class=\"read-more\"><a href=\"https:\/\/petales-france.fr\/index.php\/qui-sommes-nous\/\">Lire la suite <span class=\"screen-reader-text\">Qui sommes nous ?<\/span><span class=\"meta-nav\"> &#8250;<\/span><\/a><\/div>\n<p><!-- end of .read-more --><\/p>\n","protected":false},"author":2,"featured_media":0,"parent":0,"menu_order":0,"comment_status":"closed","ping_status":"closed","template":"","meta":{"footnotes":""},"class_list":["post-289","page","type-page","status-publish","hentry"],"yoast_head":"<!-- This site is optimized with the Yoast SEO plugin v25.6 - https:\/\/yoast.com\/wordpress\/plugins\/seo\/ -->\n<title>Association soutien familles d&#039;accueil,adoptives,biologiques,attachement<\/title>\n<meta name=\"description\" content=\"attachement ins\u00e9cure, adoption, soutien parentalit\u00e9, refus autorit\u00e9, enfants opposants, groupes de paroles, comportements difficiles, ligne d&#039;\u00e9coute, fugues\" \/>\n<meta name=\"robots\" content=\"index, follow, max-snippet:-1, max-image-preview:large, max-video-preview:-1\" \/>\n<link rel=\"canonical\" href=\"https:\/\/petales-france.fr\/index.php\/qui-sommes-nous\/\" \/>\n<meta property=\"og:locale\" content=\"fr_FR\" \/>\n<meta property=\"og:type\" content=\"article\" \/>\n<meta property=\"og:title\" content=\"Association soutien familles d&#039;accueil,adoptives,biologiques,attachement\" \/>\n<meta property=\"og:description\" content=\"attachement ins\u00e9cure, adoption, soutien parentalit\u00e9, refus autorit\u00e9, enfants opposants, groupes de paroles, comportements difficiles, ligne d&#039;\u00e9coute, fugues\" \/>\n<meta property=\"og:url\" content=\"https:\/\/petales-france.fr\/index.php\/qui-sommes-nous\/\" \/>\n<meta property=\"og:site_name\" content=\"PETALES france\" \/>\n<meta property=\"article:modified_time\" content=\"2026-02-08T17:39:03+00:00\" \/>\n<meta property=\"og:image\" content=\"https:\/\/petales-france.fr\/wp-content\/uploads\/2017\/03\/chemin_petalesfrance_attachement.jpg\" \/>\n\t<meta property=\"og:image:width\" content=\"640\" \/>\n\t<meta property=\"og:image:height\" content=\"426\" \/>\n\t<meta property=\"og:image:type\" content=\"image\/jpeg\" \/>\n<meta name=\"twitter:card\" content=\"summary_large_image\" \/>\n<meta name=\"twitter:label1\" content=\"Dur\u00e9e de lecture estim\u00e9e\" \/>\n\t<meta name=\"twitter:data1\" content=\"4 minutes\" \/>\n<script type=\"application\/ld+json\" class=\"yoast-schema-graph\">{\"@context\":\"https:\/\/schema.org\",\"@graph\":[{\"@type\":\"WebPage\",\"@id\":\"https:\/\/petales-france.fr\/index.php\/qui-sommes-nous\/\",\"url\":\"https:\/\/petales-france.fr\/index.php\/qui-sommes-nous\/\",\"name\":\"Association soutien familles d'accueil,adoptives,biologiques,attachement\",\"isPartOf\":{\"@id\":\"https:\/\/petales-france.fr\/#website\"},\"primaryImageOfPage\":{\"@id\":\"https:\/\/petales-france.fr\/index.php\/qui-sommes-nous\/#primaryimage\"},\"image\":{\"@id\":\"https:\/\/petales-france.fr\/index.php\/qui-sommes-nous\/#primaryimage\"},\"thumbnailUrl\":\"http:\/\/petales-france.fr\/wp-content\/uploads\/2017\/03\/chemin_petalesfrance_attachement-300x200.jpg\",\"datePublished\":\"2017-01-13T09:54:13+00:00\",\"dateModified\":\"2026-02-08T17:39:03+00:00\",\"description\":\"attachement ins\u00e9cure, adoption, soutien parentalit\u00e9, refus autorit\u00e9, enfants opposants, groupes de paroles, comportements difficiles, ligne d'\u00e9coute, fugues\",\"breadcrumb\":{\"@id\":\"https:\/\/petales-france.fr\/index.php\/qui-sommes-nous\/#breadcrumb\"},\"inLanguage\":\"fr-FR\",\"potentialAction\":[{\"@type\":\"ReadAction\",\"target\":[\"https:\/\/petales-france.fr\/index.php\/qui-sommes-nous\/\"]}]},{\"@type\":\"ImageObject\",\"inLanguage\":\"fr-FR\",\"@id\":\"https:\/\/petales-france.fr\/index.php\/qui-sommes-nous\/#primaryimage\",\"url\":\"http:\/\/petales-france.fr\/wp-content\/uploads\/2017\/03\/chemin_petalesfrance_attachement-300x200.jpg\",\"contentUrl\":\"http:\/\/petales-france.fr\/wp-content\/uploads\/2017\/03\/chemin_petalesfrance_attachement-300x200.jpg\"},{\"@type\":\"BreadcrumbList\",\"@id\":\"https:\/\/petales-france.fr\/index.php\/qui-sommes-nous\/#breadcrumb\",\"itemListElement\":[{\"@type\":\"ListItem\",\"position\":1,\"name\":\"Accueil\",\"item\":\"https:\/\/petales-france.fr\/\"},{\"@type\":\"ListItem\",\"position\":2,\"name\":\"Qui sommes nous ?\"}]},{\"@type\":\"WebSite\",\"@id\":\"https:\/\/petales-france.fr\/#website\",\"url\":\"https:\/\/petales-france.fr\/\",\"name\":\"PETALES france\",\"description\":\"PETALES france\",\"potentialAction\":[{\"@type\":\"SearchAction\",\"target\":{\"@type\":\"EntryPoint\",\"urlTemplate\":\"https:\/\/petales-france.fr\/?s={search_term_string}\"},\"query-input\":{\"@type\":\"PropertyValueSpecification\",\"valueRequired\":true,\"valueName\":\"search_term_string\"}}],\"inLanguage\":\"fr-FR\"}]}<\/script>\n<!-- \/ Yoast SEO plugin. -->","yoast_head_json":{"title":"Association soutien familles d'accueil,adoptives,biologiques,attachement","description":"attachement ins\u00e9cure, adoption, soutien parentalit\u00e9, refus autorit\u00e9, enfants opposants, groupes de paroles, comportements difficiles, ligne d'\u00e9coute, fugues","robots":{"index":"index","follow":"follow","max-snippet":"max-snippet:-1","max-image-preview":"max-image-preview:large","max-video-preview":"max-video-preview:-1"},"canonical":"https:\/\/petales-france.fr\/index.php\/qui-sommes-nous\/","og_locale":"fr_FR","og_type":"article","og_title":"Association soutien familles d'accueil,adoptives,biologiques,attachement","og_description":"attachement ins\u00e9cure, adoption, soutien parentalit\u00e9, refus autorit\u00e9, enfants opposants, groupes de paroles, comportements difficiles, ligne d'\u00e9coute, fugues","og_url":"https:\/\/petales-france.fr\/index.php\/qui-sommes-nous\/","og_site_name":"PETALES france","article_modified_time":"2026-02-08T17:39:03+00:00","og_image":[{"width":640,"height":426,"url":"https:\/\/petales-france.fr\/wp-content\/uploads\/2017\/03\/chemin_petalesfrance_attachement.jpg","type":"image\/jpeg"}],"twitter_card":"summary_large_image","twitter_misc":{"Dur\u00e9e de lecture estim\u00e9e":"4 minutes"},"schema":{"@context":"https:\/\/schema.org","@graph":[{"@type":"WebPage","@id":"https:\/\/petales-france.fr\/index.php\/qui-sommes-nous\/","url":"https:\/\/petales-france.fr\/index.php\/qui-sommes-nous\/","name":"Association soutien familles d'accueil,adoptives,biologiques,attachement","isPartOf":{"@id":"https:\/\/petales-france.fr\/#website"},"primaryImageOfPage":{"@id":"https:\/\/petales-france.fr\/index.php\/qui-sommes-nous\/#primaryimage"},"image":{"@id":"https:\/\/petales-france.fr\/index.php\/qui-sommes-nous\/#primaryimage"},"thumbnailUrl":"http:\/\/petales-france.fr\/wp-content\/uploads\/2017\/03\/chemin_petalesfrance_attachement-300x200.jpg","datePublished":"2017-01-13T09:54:13+00:00","dateModified":"2026-02-08T17:39:03+00:00","description":"attachement ins\u00e9cure, adoption, soutien parentalit\u00e9, refus autorit\u00e9, enfants opposants, groupes de paroles, comportements difficiles, ligne d'\u00e9coute, fugues","breadcrumb":{"@id":"https:\/\/petales-france.fr\/index.php\/qui-sommes-nous\/#breadcrumb"},"inLanguage":"fr-FR","potentialAction":[{"@type":"ReadAction","target":["https:\/\/petales-france.fr\/index.php\/qui-sommes-nous\/"]}]},{"@type":"ImageObject","inLanguage":"fr-FR","@id":"https:\/\/petales-france.fr\/index.php\/qui-sommes-nous\/#primaryimage","url":"http:\/\/petales-france.fr\/wp-content\/uploads\/2017\/03\/chemin_petalesfrance_attachement-300x200.jpg","contentUrl":"http:\/\/petales-france.fr\/wp-content\/uploads\/2017\/03\/chemin_petalesfrance_attachement-300x200.jpg"},{"@type":"BreadcrumbList","@id":"https:\/\/petales-france.fr\/index.php\/qui-sommes-nous\/#breadcrumb","itemListElement":[{"@type":"ListItem","position":1,"name":"Accueil","item":"https:\/\/petales-france.fr\/"},{"@type":"ListItem","position":2,"name":"Qui sommes nous ?"}]},{"@type":"WebSite","@id":"https:\/\/petales-france.fr\/#website","url":"https:\/\/petales-france.fr\/","name":"PETALES france","description":"PETALES france","potentialAction":[{"@type":"SearchAction","target":{"@type":"EntryPoint","urlTemplate":"https:\/\/petales-france.fr\/?s={search_term_string}"},"query-input":{"@type":"PropertyValueSpecification","valueRequired":true,"valueName":"search_term_string"}}],"inLanguage":"fr-FR"}]}},"_links":{"self":[{"href":"https:\/\/petales-france.fr\/index.php\/wp-json\/wp\/v2\/pages\/289","targetHints":{"allow":["GET"]}}],"collection":[{"href":"https:\/\/petales-france.fr\/index.php\/wp-json\/wp\/v2\/pages"}],"about":[{"href":"https:\/\/petales-france.fr\/index.php\/wp-json\/wp\/v2\/types\/page"}],"author":[{"embeddable":true,"href":"https:\/\/petales-france.fr\/index.php\/wp-json\/wp\/v2\/users\/2"}],"replies":[{"embeddable":true,"href":"https:\/\/petales-france.fr\/index.php\/wp-json\/wp\/v2\/comments?post=289"}],"version-history":[{"count":16,"href":"https:\/\/petales-france.fr\/index.php\/wp-json\/wp\/v2\/pages\/289\/revisions"}],"predecessor-version":[{"id":2140,"href":"https:\/\/petales-france.fr\/index.php\/wp-json\/wp\/v2\/pages\/289\/revisions\/2140"}],"wp:attachment":[{"href":"https:\/\/petales-france.fr\/index.php\/wp-json\/wp\/v2\/media?parent=289"}],"curies":[{"name":"wp","href":"https:\/\/api.w.org\/{rel}","templated":true}]}}